{"id":14,"date":"2023-10-08T13:57:50","date_gmt":"2023-10-08T13:57:50","guid":{"rendered":"http:\/\/terezagondkova.wbfdev.cz\/?page_id=14"},"modified":"2023-10-10T18:49:37","modified_gmt":"2023-10-10T18:49:37","slug":"blog","status":"publish","type":"page","link":"https:\/\/terezajanikova.cz\/cz\/blog\/","title":{"rendered":"Blog"},"content":{"rendered":"<div data-elementor-type=\"wp-page\" data-elementor-id=\"14\" class=\"elementor elementor-14\" data-elementor-post-type=\"page\">\n\t\t\t\t<div class=\"elementor-element elementor-element-dd989a2 e-flex e-con-boxed e-con e-parent\" data-id=\"dd989a2\" data-element_type=\"container\">\n\t\t\t\t\t<div class=\"e-con-inner\">\n\t\t\t\t<div class=\"elementor-element elementor-element-bb1c0ba elementor-grid-3 elementor-grid-tablet-2 elementor-grid-mobile-1 elementor-posts--thumbnail-top elementor-card-shadow-yes elementor-posts__hover-gradient elementor-widget elementor-widget-posts\" data-id=\"bb1c0ba\" data-element_type=\"widget\" data-settings=\"{&quot;cards_row_gap&quot;:{&quot;unit&quot;:&quot;px&quot;,&quot;size&quot;:30,&quot;sizes&quot;:[]},&quot;cards_columns&quot;:&quot;3&quot;,&quot;cards_columns_tablet&quot;:&quot;2&quot;,&quot;cards_columns_mobile&quot;:&quot;1&quot;,&quot;cards_row_gap_tablet&quot;:{&quot;unit&quot;:&quot;px&quot;,&quot;size&quot;:&quot;&quot;,&quot;sizes&quot;:[]},&quot;cards_row_gap_mobile&quot;:{&quot;unit&quot;:&quot;px&quot;,&quot;size&quot;:&quot;&quot;,&quot;sizes&quot;:[]}}\" data-widget_type=\"posts.cards\">\n\t\t\t\t<div class=\"elementor-widget-container\">\n\t\t\t<link rel=\"stylesheet\" href=\"https:\/\/terezajanikova.cz\/wp-content\/plugins\/elementor-pro\/assets\/css\/widget-posts.min.css?ver=1722884484\">\t\t<div class=\"elementor-posts-container elementor-posts elementor-posts--skin-cards elementor-grid\">\n\t\t\t\t<article class=\"elementor-post elementor-grid-item post-361 post type-post status-publish format-standard has-post-thumbnail hentry category-pastry\">\n\t\t\t<div class=\"elementor-post__card\">\n\t\t\t\t<a class=\"elementor-post__thumbnail__link\" href=\"https:\/\/terezajanikova.cz\/cz\/pastry\/inspiration-from-madeira\/\" tabindex=\"-1\" ><div class=\"elementor-post__thumbnail\"><img fetchpriority=\"high\" decoding=\"async\" width=\"300\" height=\"202\" src=\"https:\/\/terezajanikova.cz\/wp-content\/uploads\/2023\/10\/581acc_8a04a692c4554492afc90cf46b28b05fmv2-300x202.webp\" class=\"attachment-medium size-medium wp-image-268\" alt=\"\" srcset=\"https:\/\/terezajanikova.cz\/wp-content\/uploads\/2023\/10\/581acc_8a04a692c4554492afc90cf46b28b05fmv2-300x202.webp 300w, https:\/\/terezajanikova.cz\/wp-content\/uploads\/2023\/10\/581acc_8a04a692c4554492afc90cf46b28b05fmv2-600x404.webp 600w, https:\/\/terezajanikova.cz\/wp-content\/uploads\/2023\/10\/581acc_8a04a692c4554492afc90cf46b28b05fmv2-768x517.webp 768w, https:\/\/terezajanikova.cz\/wp-content\/uploads\/2023\/10\/581acc_8a04a692c4554492afc90cf46b28b05fmv2.webp 814w\" sizes=\"(max-width: 300px) 100vw, 300px\" \/><\/div><\/a>\n\t\t\t\t<div class=\"elementor-post__text\">\n\t\t\t\t<h3 class=\"elementor-post__title\">\n\t\t\t<a href=\"https:\/\/terezajanikova.cz\/cz\/pastry\/inspiration-from-madeira\/\" >\n\t\t\t\tInspirace z Madeiry\t\t\t<\/a>\n\t\t<\/h3>\n\t\t\t\t<div class=\"elementor-post__excerpt\">\n\t\t\t<p>Po ne\u010dekan\u00e9m roce pln\u00e9m bezprecedentn\u00edch ud\u00e1lost\u00ed jsem bezprecedentn\u011b zmizel na m\u011bs\u00edc do...<\/p>\n\t\t<\/div>\n\t\t\n\t\t<a class=\"elementor-post__read-more\" href=\"https:\/\/terezajanikova.cz\/cz\/pastry\/inspiration-from-madeira\/\" aria-label=\"Read more about Inspiration from Madeira\" tabindex=\"-1\" >\n\t\t\tRead More \u00bb\t\t<\/a>\n\n\t\t\t\t<\/div>\n\t\t\t\t\t<\/div>\n\t\t<\/article>\n\t\t\t\t<article class=\"elementor-post elementor-grid-item post-318 post type-post status-publish format-standard has-post-thumbnail hentry category-pastry\">\n\t\t\t<div class=\"elementor-post__card\">\n\t\t\t\t<a class=\"elementor-post__thumbnail__link\" href=\"https:\/\/terezajanikova.cz\/cz\/pastry\/the-moistest-chocolate-cake-you-have-ever-eaten\/\" tabindex=\"-1\" ><div class=\"elementor-post__thumbnail\"><img decoding=\"async\" width=\"300\" height=\"200\" src=\"https:\/\/terezajanikova.cz\/wp-content\/uploads\/2023\/10\/581acc_959cc2b1209f4d578b2d346d6b105488mv2-300x200.jpg\" class=\"attachment-medium size-medium wp-image-319\" alt=\"\" srcset=\"https:\/\/terezajanikova.cz\/wp-content\/uploads\/2023\/10\/581acc_959cc2b1209f4d578b2d346d6b105488mv2-300x200.jpg 300w, https:\/\/terezajanikova.cz\/wp-content\/uploads\/2023\/10\/elementor\/thumbs\/581acc_959cc2b1209f4d578b2d346d6b105488mv2-qdo343wxdc15mz4h3h6nn8ili09qp609ewza8e8gww.jpg 600w, https:\/\/terezajanikova.cz\/wp-content\/uploads\/2023\/10\/581acc_959cc2b1209f4d578b2d346d6b105488mv2-1024x683.jpg 1024w, https:\/\/terezajanikova.cz\/wp-content\/uploads\/2023\/10\/581acc_959cc2b1209f4d578b2d346d6b105488mv2-768x512.jpg 768w, https:\/\/terezajanikova.cz\/wp-content\/uploads\/2023\/10\/581acc_959cc2b1209f4d578b2d346d6b105488mv2.jpg 1537w\" sizes=\"(max-width: 300px) 100vw, 300px\" \/><\/div><\/a>\n\t\t\t\t<div class=\"elementor-post__text\">\n\t\t\t\t<h3 class=\"elementor-post__title\">\n\t\t\t<a href=\"https:\/\/terezajanikova.cz\/cz\/pastry\/the-moistest-chocolate-cake-you-have-ever-eaten\/\" >\n\t\t\t\tNejvlh\u010d\u00ed \u010dokol\u00e1dov\u00fd dort, jak\u00fd jste kdy jedli\t\t\t<\/a>\n\t\t<\/h3>\n\t\t\t\t<div class=\"elementor-post__excerpt\">\n\t\t\t<p>M\u00fdm p\u0159\u00e1n\u00edm bylo vytvo\u0159it jednoduch\u00fd \u010dokol\u00e1dov\u00fd dort, kter\u00fd by vypadal oby\u010dejn\u011b, ale...<\/p>\n\t\t<\/div>\n\t\t\n\t\t<a class=\"elementor-post__read-more\" href=\"https:\/\/terezajanikova.cz\/cz\/pastry\/the-moistest-chocolate-cake-you-have-ever-eaten\/\" aria-label=\"Read more about The moistest chocolate cake you have ever eaten\" tabindex=\"-1\" >\n\t\t\tRead More \u00bb\t\t<\/a>\n\n\t\t\t\t<\/div>\n\t\t\t\t\t<\/div>\n\t\t<\/article>\n\t\t\t\t<article class=\"elementor-post elementor-grid-item post-315 post type-post status-publish format-standard has-post-thumbnail hentry category-pastry\">\n\t\t\t<div class=\"elementor-post__card\">\n\t\t\t\t<a class=\"elementor-post__thumbnail__link\" href=\"https:\/\/terezajanikova.cz\/cz\/pastry\/why-we-do-traditional-czech-desserts-in-ollies\/\" tabindex=\"-1\" ><div class=\"elementor-post__thumbnail\"><img decoding=\"async\" width=\"300\" height=\"200\" src=\"https:\/\/terezajanikova.cz\/wp-content\/uploads\/2023\/10\/581acc_d8fb490f43d14ff6a3ac1e42d11f23acmv2-300x200.webp\" class=\"attachment-medium size-medium wp-image-316\" alt=\"\" srcset=\"https:\/\/terezajanikova.cz\/wp-content\/uploads\/2023\/10\/581acc_d8fb490f43d14ff6a3ac1e42d11f23acmv2-300x200.webp 300w, https:\/\/terezajanikova.cz\/wp-content\/uploads\/2023\/10\/581acc_d8fb490f43d14ff6a3ac1e42d11f23acmv2-600x400.webp 600w, https:\/\/terezajanikova.cz\/wp-content\/uploads\/2023\/10\/581acc_d8fb490f43d14ff6a3ac1e42d11f23acmv2-1024x683.webp 1024w, https:\/\/terezajanikova.cz\/wp-content\/uploads\/2023\/10\/581acc_d8fb490f43d14ff6a3ac1e42d11f23acmv2-768x512.webp 768w, https:\/\/terezajanikova.cz\/wp-content\/uploads\/2023\/10\/581acc_d8fb490f43d14ff6a3ac1e42d11f23acmv2.webp 1034w\" sizes=\"(max-width: 300px) 100vw, 300px\" \/><\/div><\/a>\n\t\t\t\t<div class=\"elementor-post__text\">\n\t\t\t\t<h3 class=\"elementor-post__title\">\n\t\t\t<a href=\"https:\/\/terezajanikova.cz\/cz\/pastry\/why-we-do-traditional-czech-desserts-in-ollies\/\" >\n\t\t\t\tPro\u010d v Ollies d\u011bl\u00e1me tradi\u010dn\u00ed \u010desk\u00e9 dezerty?\t\t\t<\/a>\n\t\t<\/h3>\n\t\t\t\t<div class=\"elementor-post__excerpt\">\n\t\t\t<p>No, cizinec by \u0159ekl, pro\u010d ne, v\u017edy\u0165 jste \u010desk\u00e1 cukr\u00e1rna \ud83d\ude00 Ale...<\/p>\n\t\t<\/div>\n\t\t\n\t\t<a class=\"elementor-post__read-more\" href=\"https:\/\/terezajanikova.cz\/cz\/pastry\/why-we-do-traditional-czech-desserts-in-ollies\/\" aria-label=\"Read more about Why we do traditional Czech desserts in Ollies?\" tabindex=\"-1\" >\n\t\t\tRead More \u00bb\t\t<\/a>\n\n\t\t\t\t<\/div>\n\t\t\t\t\t<\/div>\n\t\t<\/article>\n\t\t\t\t<article class=\"elementor-post elementor-grid-item post-312 post type-post status-publish format-standard has-post-thumbnail hentry category-pastry\">\n\t\t\t<div class=\"elementor-post__card\">\n\t\t\t\t<a class=\"elementor-post__thumbnail__link\" href=\"https:\/\/terezajanikova.cz\/cz\/pastry\/how-to-make-the-best-moist-cheesecake-ever\/\" tabindex=\"-1\" ><div class=\"elementor-post__thumbnail\"><img loading=\"lazy\" decoding=\"async\" width=\"300\" height=\"201\" src=\"https:\/\/terezajanikova.cz\/wp-content\/uploads\/2023\/10\/581acc_6e68222892cf44ce9ef8904545139bcfmv2-300x201.webp\" class=\"attachment-medium size-medium wp-image-313\" alt=\"\" srcset=\"https:\/\/terezajanikova.cz\/wp-content\/uploads\/2023\/10\/581acc_6e68222892cf44ce9ef8904545139bcfmv2-300x201.webp 300w, https:\/\/terezajanikova.cz\/wp-content\/uploads\/2023\/10\/581acc_6e68222892cf44ce9ef8904545139bcfmv2-600x402.webp 600w, https:\/\/terezajanikova.cz\/wp-content\/uploads\/2023\/10\/581acc_6e68222892cf44ce9ef8904545139bcfmv2-768x515.webp 768w, https:\/\/terezajanikova.cz\/wp-content\/uploads\/2023\/10\/581acc_6e68222892cf44ce9ef8904545139bcfmv2.webp 814w\" sizes=\"(max-width: 300px) 100vw, 300px\" \/><\/div><\/a>\n\t\t\t\t<div class=\"elementor-post__text\">\n\t\t\t\t<h3 class=\"elementor-post__title\">\n\t\t\t<a href=\"https:\/\/terezajanikova.cz\/cz\/pastry\/how-to-make-the-best-moist-cheesecake-ever\/\" >\n\t\t\t\tJak p\u0159ipravit ten NEJLEP\u0160\u00cd VLHK\u00dd CHEESECAKE na sv\u011bt\u011b!\t\t\t<\/a>\n\t\t<\/h3>\n\t\t\t\t<div class=\"elementor-post__excerpt\">\n\t\t\t<p>V\u00edte, \u017ee n\u011bkter\u00fd cheesecake je jen VLHK\u00dd, KR\u00c9MOV\u00dd a \u0160\u0164AVNAT\u00dd a jin\u00fd ano<\/p>\n\t\t<\/div>\n\t\t\n\t\t<a class=\"elementor-post__read-more\" href=\"https:\/\/terezajanikova.cz\/cz\/pastry\/how-to-make-the-best-moist-cheesecake-ever\/\" aria-label=\"Read more about How to make THE BEST MOIST CHEESECAKE ever!\" tabindex=\"-1\" >\n\t\t\tRead More \u00bb\t\t<\/a>\n\n\t\t\t\t<\/div>\n\t\t\t\t\t<\/div>\n\t\t<\/article>\n\t\t\t\t<\/div>\n\t\t\n\t\t\t\t<\/div>\n\t\t\t\t<\/div>\n\t\t\t\t\t<\/div>\n\t\t\t\t<\/div>\n\t\t\t\t<\/div>","protected":false},"excerpt":{"rendered":"","protected":false},"author":1,"featured_media":0,"parent":0,"menu_order":0,"comment_status":"closed","ping_status":"closed","template":"elementor_header_footer","meta":{"footnotes":""},"class_list":["post-14","page","type-page","status-publish","hentry"],"_links":{"self":[{"href":"https:\/\/terezajanikova.cz\/cz\/wp-json\/wp\/v2\/pages\/14","targetHints":{"allow":["GET"]}}],"collection":[{"href":"https:\/\/terezajanikova.cz\/cz\/wp-json\/wp\/v2\/pages"}],"about":[{"href":"https:\/\/terezajanikova.cz\/cz\/wp-json\/wp\/v2\/types\/page"}],"author":[{"embeddable":true,"href":"https:\/\/terezajanikova.cz\/cz\/wp-json\/wp\/v2\/users\/1"}],"replies":[{"embeddable":true,"href":"https:\/\/terezajanikova.cz\/cz\/wp-json\/wp\/v2\/comments?post=14"}],"version-history":[{"count":25,"href":"https:\/\/terezajanikova.cz\/cz\/wp-json\/wp\/v2\/pages\/14\/revisions"}],"predecessor-version":[{"id":332,"href":"https:\/\/terezajanikova.cz\/cz\/wp-json\/wp\/v2\/pages\/14\/revisions\/332"}],"wp:attachment":[{"href":"https:\/\/terezajanikova.cz\/cz\/wp-json\/wp\/v2\/media?parent=14"}],"curies":[{"name":"wp","href":"https:\/\/api.w.org\/{rel}","templated":true}]}}