{"id":153,"date":"2023-10-09T21:59:42","date_gmt":"2023-10-09T21:59:42","guid":{"rendered":"http:\/\/terezagondkova.wbfdev.cz\/?page_id=153"},"modified":"2023-10-15T10:50:53","modified_gmt":"2023-10-15T10:50:53","slug":"macarons","status":"publish","type":"page","link":"https:\/\/terezajanikova.cz\/cz\/macarons\/","title":{"rendered":"Makronky"},"content":{"rendered":"<div data-elementor-type=\"wp-page\" data-elementor-id=\"153\" class=\"elementor elementor-153\" data-elementor-post-type=\"page\">\n\t\t\t\t<div class=\"elementor-element elementor-element-b0ec2af e-flex e-con-boxed e-con e-parent\" data-id=\"b0ec2af\" data-element_type=\"container\">\n\t\t\t\t\t<div class=\"e-con-inner\">\n\t\t\t\t<div class=\"elementor-element elementor-element-55fa0c1 elementor-widget elementor-widget-heading\" data-id=\"55fa0c1\" data-element_type=\"widget\" data-widget_type=\"heading.default\">\n\t\t\t\t<div class=\"elementor-widget-container\">\n\t\t\t<style>\/*! elementor - v3.23.0 - 05-08-2024 *\/\n.elementor-heading-title{padding:0;margin:0;line-height:1}.elementor-widget-heading .elementor-heading-title[class*=elementor-size-]>a{color:inherit;font-size:inherit;line-height:inherit}.elementor-widget-heading .elementor-heading-title.elementor-size-small{font-size:15px}.elementor-widget-heading .elementor-heading-title.elementor-size-medium{font-size:19px}.elementor-widget-heading .elementor-heading-title.elementor-size-large{font-size:29px}.elementor-widget-heading .elementor-heading-title.elementor-size-xl{font-size:39px}.elementor-widget-heading .elementor-heading-title.elementor-size-xxl{font-size:59px}<\/style><h1 class=\"elementor-heading-title elementor-size-default\">Makronky<\/h1>\t\t<\/div>\n\t\t\t\t<\/div>\n\t\t\t\t<div class=\"elementor-element elementor-element-01f3c86 elementor-widget elementor-widget-heading\" data-id=\"01f3c86\" data-element_type=\"widget\" data-widget_type=\"heading.default\">\n\t\t\t\t<div class=\"elementor-widget-container\">\n\t\t\t<h2 class=\"elementor-heading-title elementor-size-default\">Moje prvn\u00ed p\u0159edstava o makronk\u00e1ch nebyla tak dobr\u00e1.<\/h2>\t\t<\/div>\n\t\t\t\t<\/div>\n\t\t\t\t<div class=\"elementor-element elementor-element-9e0e31d elementor-widget elementor-widget-text-editor\" data-id=\"9e0e31d\" data-element_type=\"widget\" data-widget_type=\"text-editor.default\">\n\t\t\t\t<div class=\"elementor-widget-container\">\n\t\t\t<style>\/*! elementor - v3.23.0 - 05-08-2024 *\/\n.elementor-widget-text-editor.elementor-drop-cap-view-stacked .elementor-drop-cap{background-color:#69727d;color:#fff}.elementor-widget-text-editor.elementor-drop-cap-view-framed .elementor-drop-cap{color:#69727d;border:3px solid;background-color:transparent}.elementor-widget-text-editor:not(.elementor-drop-cap-view-default) .elementor-drop-cap{margin-top:8px}.elementor-widget-text-editor:not(.elementor-drop-cap-view-default) .elementor-drop-cap-letter{width:1em;height:1em}.elementor-widget-text-editor .elementor-drop-cap{float:left;text-align:center;line-height:1;font-size:50px}.elementor-widget-text-editor .elementor-drop-cap-letter{display:inline-block}<\/style>\t\t\t\t<p>Bylo to podobn\u00e9 jako u v\u011bt\u0161iny lid\u00ed v \u010cesk\u00e9 republice, m\u00fdch z\u00e1kazn\u00edk\u016f. M\u011bli jsme pocit, \u017ee jsou to jen sladk\u00e9 mal\u00e9 barevn\u00e9 bonbony, kter\u00e9 se prod\u00e1vaj\u00ed pro sv\u016fj vzhled, ne pro svou chu\u0165.<\/p>\t\t\t\t\t\t<\/div>\n\t\t\t\t<\/div>\n\t\t\t\t<div class=\"elementor-element elementor-element-54b6109 elementor-widget elementor-widget-image\" data-id=\"54b6109\" data-element_type=\"widget\" data-widget_type=\"image.default\">\n\t\t\t\t<div class=\"elementor-widget-container\">\n\t\t\t<style>\/*! elementor - v3.23.0 - 05-08-2024 *\/\n.elementor-widget-image{text-align:center}.elementor-widget-image a{display:inline-block}.elementor-widget-image a img[src$=\".svg\"]{width:48px}.elementor-widget-image img{vertical-align:middle;display:inline-block}<\/style>\t\t\t\t\t\t\t\t\t\t<img fetchpriority=\"high\" decoding=\"async\" width=\"800\" height=\"462\" src=\"https:\/\/terezajanikova.cz\/wp-content\/uploads\/2023\/10\/20zimaOL-52-sirka-1024x591.jpg\" class=\"attachment-large size-large wp-image-157\" alt=\"\" srcset=\"https:\/\/terezajanikova.cz\/wp-content\/uploads\/2023\/10\/20zimaOL-52-sirka-1024x591.jpg 1024w, https:\/\/terezajanikova.cz\/wp-content\/uploads\/2023\/10\/20zimaOL-52-sirka-600x347.jpg 600w, https:\/\/terezajanikova.cz\/wp-content\/uploads\/2023\/10\/20zimaOL-52-sirka-300x173.jpg 300w, https:\/\/terezajanikova.cz\/wp-content\/uploads\/2023\/10\/20zimaOL-52-sirka-768x444.jpg 768w, https:\/\/terezajanikova.cz\/wp-content\/uploads\/2023\/10\/20zimaOL-52-sirka.jpg 1077w\" sizes=\"(max-width: 800px) 100vw, 800px\" \/>\t\t\t\t\t\t\t\t\t\t\t\t\t<\/div>\n\t\t\t\t<\/div>\n\t\t\t\t<div class=\"elementor-element elementor-element-c1fed24 elementor-widget elementor-widget-heading\" data-id=\"c1fed24\" data-element_type=\"widget\" data-widget_type=\"heading.default\">\n\t\t\t\t<div class=\"elementor-widget-container\">\n\t\t\t<h2 class=\"elementor-heading-title elementor-size-default\">Ale pak jsem se do nich zamilovala...<\/h2>\t\t<\/div>\n\t\t\t\t<\/div>\n\t\t\t\t<div class=\"elementor-element elementor-element-94d0395 elementor-widget__width-initial elementor-widget elementor-widget-text-editor\" data-id=\"94d0395\" data-element_type=\"widget\" data-widget_type=\"text-editor.default\">\n\t\t\t\t<div class=\"elementor-widget-container\">\n\t\t\t\t\t\t\t<p>Kdy\u017e jsem poprv\u00e9 ochutnala po\u0159\u00e1dn\u00e9 makronky od Pierra Herm\u00e9. Najednou jsem pochopila, co je kolem nich za humbuk. Jejich konzistence je na povrchu k\u0159upav\u00e1 a jemn\u00e1, ale uvnit\u0159 vlhk\u00e1 a chutn\u00e1. \u017de chu\u0165 nemus\u00ed b\u00fdt jen o sladkosti, ale m\u016f\u017ee v nich b\u00fdt spousta v\u00fdrazn\u00fdch p\u0159\u00edchut\u00ed ovoce nebo \u010dokol\u00e1dy nebo o\u0159\u00ed\u0161k\u016f nebo v podstat\u011b \u010dehokoli, co chcete, aby chutnaly.<\/p>\t\t\t\t\t\t<\/div>\n\t\t\t\t<\/div>\n\t\t\t\t<div class=\"elementor-element elementor-element-836506a elementor-widget elementor-widget-image\" data-id=\"836506a\" data-element_type=\"widget\" data-widget_type=\"image.default\">\n\t\t\t\t<div class=\"elementor-widget-container\">\n\t\t\t\t\t\t\t\t\t\t\t\t\t<img decoding=\"async\" width=\"800\" height=\"533\" src=\"https:\/\/terezajanikova.cz\/wp-content\/uploads\/2023\/10\/20zimaOL-33-sirka-1024x682.jpg\" class=\"attachment-large size-large wp-image-161\" alt=\"\" srcset=\"https:\/\/terezajanikova.cz\/wp-content\/uploads\/2023\/10\/20zimaOL-33-sirka-1024x682.jpg 1024w, https:\/\/terezajanikova.cz\/wp-content\/uploads\/2023\/10\/20zimaOL-33-sirka-600x400.jpg 600w, https:\/\/terezajanikova.cz\/wp-content\/uploads\/2023\/10\/20zimaOL-33-sirka-300x200.jpg 300w, https:\/\/terezajanikova.cz\/wp-content\/uploads\/2023\/10\/20zimaOL-33-sirka-768x512.jpg 768w, https:\/\/terezajanikova.cz\/wp-content\/uploads\/2023\/10\/20zimaOL-33-sirka.jpg 1078w\" sizes=\"(max-width: 800px) 100vw, 800px\" \/>\t\t\t\t\t\t\t\t\t\t\t\t\t<\/div>\n\t\t\t\t<\/div>\n\t\t\t\t<div class=\"elementor-element elementor-element-a941961 elementor-widget elementor-widget-heading\" data-id=\"a941961\" data-element_type=\"widget\" data-widget_type=\"heading.default\">\n\t\t\t\t<div class=\"elementor-widget-container\">\n\t\t\t<h2 class=\"elementor-heading-title elementor-size-default\">Mus\u00edte naj\u00edt p\u0159esn\u00fd technologick\u00fd postup a ten pak stoprocentn\u011b dodr\u017eovat.<\/h2>\t\t<\/div>\n\t\t\t\t<\/div>\n\t\t\t\t<div class=\"elementor-element elementor-element-c1c250b elementor-widget elementor-widget-text-editor\" data-id=\"c1c250b\" data-element_type=\"widget\" data-widget_type=\"text-editor.default\">\n\t\t\t\t<div class=\"elementor-widget-container\">\n\t\t\t\t\t\t\t<p>Kdy\u017e jsem je zkou\u0161ela ud\u011blat poprv\u00e9, p\u0159ekvapilo m\u011b, jak jsou slo\u017eit\u00e9. Ujistila jsem se o hlavn\u00ed cukr\u00e1\u0159sk\u00e9 z\u00e1sad\u011b, a tou je p\u0159esnost. Mus\u00edte si naj\u00edt p\u0159esn\u00fd technologick\u00fd postup a ten pak stoprocentn\u011b dodr\u017eet, jinak nebudete m\u00edt v\u00fdsledky, jak\u00e9 vid\u00edte na fotografi\u00edch. D\u011blala jsem je hodn\u011bkr\u00e1t, ne\u017e jsem m\u011bla chu\u0165 d\u00e1t je d\u00e1l k ochutn\u00e1n\u00ed.<\/p>\t\t\t\t\t\t<\/div>\n\t\t\t\t<\/div>\n\t\t\t\t<div class=\"elementor-element elementor-element-b88a69e elementor-widget elementor-widget-image\" data-id=\"b88a69e\" data-element_type=\"widget\" data-widget_type=\"image.default\">\n\t\t\t\t<div class=\"elementor-widget-container\">\n\t\t\t\t\t\t\t\t\t\t\t\t\t<img decoding=\"async\" width=\"800\" height=\"534\" src=\"https:\/\/terezajanikova.cz\/wp-content\/uploads\/2023\/10\/20zimaOL-27-sirka-1024x683.jpg\" class=\"attachment-large size-large wp-image-163\" alt=\"\" srcset=\"https:\/\/terezajanikova.cz\/wp-content\/uploads\/2023\/10\/20zimaOL-27-sirka-1024x683.jpg 1024w, https:\/\/terezajanikova.cz\/wp-content\/uploads\/2023\/10\/20zimaOL-27-sirka-600x400.jpg 600w, https:\/\/terezajanikova.cz\/wp-content\/uploads\/2023\/10\/20zimaOL-27-sirka-300x200.jpg 300w, https:\/\/terezajanikova.cz\/wp-content\/uploads\/2023\/10\/20zimaOL-27-sirka-768x512.jpg 768w, https:\/\/terezajanikova.cz\/wp-content\/uploads\/2023\/10\/20zimaOL-27-sirka.jpg 1077w\" sizes=\"(max-width: 800px) 100vw, 800px\" \/>\t\t\t\t\t\t\t\t\t\t\t\t\t<\/div>\n\t\t\t\t<\/div>\n\t\t\t\t<div class=\"elementor-element elementor-element-bf2e2b1 elementor-widget elementor-widget-heading\" data-id=\"bf2e2b1\" data-element_type=\"widget\" data-widget_type=\"heading.default\">\n\t\t\t\t<div class=\"elementor-widget-container\">\n\t\t\t<h2 class=\"elementor-heading-title elementor-size-default\">Nejrad\u011bji m\u00e1m rebarborovou, vanilkovou, marakujovou a o\u0159\u00ed\u0161kovou s l\u00edskoo\u0159\u00ed\u0161kovou moukou a Frangelico, lik\u00e9rem z l\u00edskov\u00fdch o\u0159\u00ed\u0161k\u016f.<\/h2>\t\t<\/div>\n\t\t\t\t<\/div>\n\t\t\t\t<div class=\"elementor-element elementor-element-5a42d82 elementor-widget elementor-widget-text-editor\" data-id=\"5a42d82\" data-element_type=\"widget\" data-widget_type=\"text-editor.default\">\n\t\t\t\t<div class=\"elementor-widget-container\">\n\t\t\t\t\t\t\t<p>Na\u0161la jsem zp\u016fsob, jak je vyrobit, a jsou prost\u011b \u00fa\u017easn\u00e9. Dal\u0161\u00edm \u00fakolem bylo nau\u010dit \u010cechy, jak si je znovu obl\u00edbit. Bylo to t\u011b\u017ek\u00e9 pot\u00e9, co vyzkou\u0161eli spoustu t\u011bch, kter\u00e9 nechutnaly jako spr\u00e1vn\u00e9 makronky. Po n\u011bjak\u00e9 dob\u011b a mnoha ochutn\u00e1vk\u00e1ch se n\u00e1m to poda\u0159ilo a lid\u00e9 je kupuj\u00ed jako \u0161\u00edlen\u00ed. Moje nejobl\u00edben\u011bj\u0161\u00ed jsou rebarborov\u00e9, vanilkov\u00e9, mu\u010denkov\u00e9 a o\u0159\u00ed\u0161kov\u00e9 s l\u00edskoo\u0159\u00ed\u0161kovou moukou a Frangelico, lik\u00e9rem z l\u00edskov\u00fdch o\u0159\u00ed\u0161k\u016f.<\/p>\t\t\t\t\t\t<\/div>\n\t\t\t\t<\/div>\n\t\t\t\t<div class=\"elementor-element elementor-element-ac57dd5 elementor-widget elementor-widget-image\" data-id=\"ac57dd5\" data-element_type=\"widget\" data-widget_type=\"image.default\">\n\t\t\t\t<div class=\"elementor-widget-container\">\n\t\t\t\t\t\t\t\t\t\t\t\t\t<img loading=\"lazy\" decoding=\"async\" width=\"800\" height=\"671\" src=\"https:\/\/terezajanikova.cz\/wp-content\/uploads\/2023\/10\/MTF_8589-e1696889893459-1024x859.webp\" class=\"attachment-large size-large wp-image-164\" alt=\"\" srcset=\"https:\/\/terezajanikova.cz\/wp-content\/uploads\/2023\/10\/MTF_8589-e1696889893459-1024x859.webp 1024w, https:\/\/terezajanikova.cz\/wp-content\/uploads\/2023\/10\/MTF_8589-e1696889893459-600x503.webp 600w, https:\/\/terezajanikova.cz\/wp-content\/uploads\/2023\/10\/MTF_8589-e1696889893459-300x252.webp 300w, https:\/\/terezajanikova.cz\/wp-content\/uploads\/2023\/10\/MTF_8589-e1696889893459-768x644.webp 768w, https:\/\/terezajanikova.cz\/wp-content\/uploads\/2023\/10\/MTF_8589-e1696889893459.webp 1078w\" sizes=\"(max-width: 800px) 100vw, 800px\" \/>\t\t\t\t\t\t\t\t\t\t\t\t\t<\/div>\n\t\t\t\t<\/div>\n\t\t\t\t<div class=\"elementor-element elementor-element-7446c2d elementor-widget elementor-widget-image\" data-id=\"7446c2d\" data-element_type=\"widget\" data-widget_type=\"image.default\">\n\t\t\t\t<div class=\"elementor-widget-container\">\n\t\t\t\t\t\t\t\t\t\t\t\t\t<img loading=\"lazy\" decoding=\"async\" width=\"800\" height=\"533\" src=\"https:\/\/terezajanikova.cz\/wp-content\/uploads\/2023\/10\/Ollies-leto-55_JPG-1024x682.webp\" class=\"attachment-large size-large wp-image-112\" alt=\"\" srcset=\"https:\/\/terezajanikova.cz\/wp-content\/uploads\/2023\/10\/Ollies-leto-55_JPG-1024x682.webp 1024w, https:\/\/terezajanikova.cz\/wp-content\/uploads\/2023\/10\/Ollies-leto-55_JPG-600x400.webp 600w, https:\/\/terezajanikova.cz\/wp-content\/uploads\/2023\/10\/Ollies-leto-55_JPG-300x200.webp 300w, https:\/\/terezajanikova.cz\/wp-content\/uploads\/2023\/10\/Ollies-leto-55_JPG-768x512.webp 768w, https:\/\/terezajanikova.cz\/wp-content\/uploads\/2023\/10\/Ollies-leto-55_JPG.webp 1078w\" sizes=\"(max-width: 800px) 100vw, 800px\" \/>\t\t\t\t\t\t\t\t\t\t\t\t\t<\/div>\n\t\t\t\t<\/div>\n\t\t\t\t<div class=\"elementor-element elementor-element-3b5acb1 elementor-widget elementor-widget-image\" data-id=\"3b5acb1\" data-element_type=\"widget\" data-widget_type=\"image.default\">\n\t\t\t\t<div class=\"elementor-widget-container\">\n\t\t\t\t\t\t\t\t\t\t\t\t\t<img loading=\"lazy\" decoding=\"async\" width=\"800\" height=\"953\" src=\"https:\/\/terezajanikova.cz\/wp-content\/uploads\/2023\/10\/20zimaOL-47-860x1024.webp\" class=\"attachment-large size-large wp-image-166\" alt=\"\" srcset=\"https:\/\/terezajanikova.cz\/wp-content\/uploads\/2023\/10\/20zimaOL-47-860x1024.webp 860w, https:\/\/terezajanikova.cz\/wp-content\/uploads\/2023\/10\/20zimaOL-47-600x714.webp 600w, https:\/\/terezajanikova.cz\/wp-content\/uploads\/2023\/10\/20zimaOL-47-252x300.webp 252w, https:\/\/terezajanikova.cz\/wp-content\/uploads\/2023\/10\/20zimaOL-47-768x914.webp 768w, https:\/\/terezajanikova.cz\/wp-content\/uploads\/2023\/10\/20zimaOL-47.webp 1077w\" sizes=\"(max-width: 800px) 100vw, 800px\" \/>\t\t\t\t\t\t\t\t\t\t\t\t\t<\/div>\n\t\t\t\t<\/div>\n\t\t\t\t\t<\/div>\n\t\t\t\t<\/div>\n\t\t\t\t<\/div>","protected":false},"excerpt":{"rendered":"<p>Macarons My first perception about macarons was not that good&#8230; It was similar to the one for the most of people in Czech Republic, my customers. We felt that they are just sweet little colorful candys, that are sold for their look, not their taste. But then I have fallen in love with them&#8230; When [&hellip;]<\/p>","protected":false},"author":1,"featured_media":0,"parent":0,"menu_order":0,"comment_status":"closed","ping_status":"closed","template":"elementor_header_footer","meta":{"footnotes":""},"class_list":["post-153","page","type-page","status-publish","hentry"],"_links":{"self":[{"href":"https:\/\/terezajanikova.cz\/cz\/wp-json\/wp\/v2\/pages\/153","targetHints":{"allow":["GET"]}}],"collection":[{"href":"https:\/\/terezajanikova.cz\/cz\/wp-json\/wp\/v2\/pages"}],"about":[{"href":"https:\/\/terezajanikova.cz\/cz\/wp-json\/wp\/v2\/types\/page"}],"author":[{"embeddable":true,"href":"https:\/\/terezajanikova.cz\/cz\/wp-json\/wp\/v2\/users\/1"}],"replies":[{"embeddable":true,"href":"https:\/\/terezajanikova.cz\/cz\/wp-json\/wp\/v2\/comments?post=153"}],"version-history":[{"count":49,"href":"https:\/\/terezajanikova.cz\/cz\/wp-json\/wp\/v2\/pages\/153\/revisions"}],"predecessor-version":[{"id":518,"href":"https:\/\/terezajanikova.cz\/cz\/wp-json\/wp\/v2\/pages\/153\/revisions\/518"}],"wp:attachment":[{"href":"https:\/\/terezajanikova.cz\/cz\/wp-json\/wp\/v2\/media?parent=153"}],"curies":[{"name":"wp","href":"https:\/\/api.w.org\/{rel}","templated":true}]}}