{"id":237,"date":"2023-10-09T22:48:33","date_gmt":"2023-10-09T22:48:33","guid":{"rendered":"http:\/\/terezagondkova.wbfdev.cz\/?page_id=237"},"modified":"2023-11-06T16:41:13","modified_gmt":"2023-11-06T16:41:13","slug":"eclairs","status":"publish","type":"page","link":"https:\/\/terezajanikova.cz\/cz\/eclairs\/","title":{"rendered":"Eclairs"},"content":{"rendered":"<div data-elementor-type=\"wp-page\" data-elementor-id=\"237\" class=\"elementor elementor-237\" data-elementor-post-type=\"page\">\n\t\t\t\t<div class=\"elementor-element elementor-element-b0ec2af e-flex e-con-boxed e-con e-parent\" data-id=\"b0ec2af\" data-element_type=\"container\">\n\t\t\t\t\t<div class=\"e-con-inner\">\n\t\t\t\t<div class=\"elementor-element elementor-element-55fa0c1 elementor-widget elementor-widget-heading\" data-id=\"55fa0c1\" data-element_type=\"widget\" data-widget_type=\"heading.default\">\n\t\t\t\t<div class=\"elementor-widget-container\">\n\t\t\t<style>\/*! elementor - v3.23.0 - 05-08-2024 *\/\n.elementor-heading-title{padding:0;margin:0;line-height:1}.elementor-widget-heading .elementor-heading-title[class*=elementor-size-]>a{color:inherit;font-size:inherit;line-height:inherit}.elementor-widget-heading .elementor-heading-title.elementor-size-small{font-size:15px}.elementor-widget-heading .elementor-heading-title.elementor-size-medium{font-size:19px}.elementor-widget-heading .elementor-heading-title.elementor-size-large{font-size:29px}.elementor-widget-heading .elementor-heading-title.elementor-size-xl{font-size:39px}.elementor-widget-heading .elementor-heading-title.elementor-size-xxl{font-size:59px}<\/style><h2 class=\"elementor-heading-title elementor-size-default\">Eclairs<\/h2>\t\t<\/div>\n\t\t\t\t<\/div>\n\t\t\t\t<div class=\"elementor-element elementor-element-01f3c86 elementor-widget elementor-widget-heading\" data-id=\"01f3c86\" data-element_type=\"widget\" data-widget_type=\"heading.default\">\n\t\t\t\t<div class=\"elementor-widget-container\">\n\t\t\t<h2 class=\"elementor-heading-title elementor-size-default\">Mo\u017en\u00e1 v\u00e1s zaj\u00edm\u00e1, pro\u010d v \u010desk\u00e9 cukr\u00e1rn\u011b d\u011bl\u00e1m p\u0159ev\u00e1\u017en\u011b francouzsk\u00e9 dezerty.<\/h2>\t\t<\/div>\n\t\t\t\t<\/div>\n\t\t\t\t<div class=\"elementor-element elementor-element-9e0e31d elementor-widget elementor-widget-text-editor\" data-id=\"9e0e31d\" data-element_type=\"widget\" data-widget_type=\"text-editor.default\">\n\t\t\t\t<div class=\"elementor-widget-container\">\n\t\t\t<style>\/*! elementor - v3.23.0 - 05-08-2024 *\/\n.elementor-widget-text-editor.elementor-drop-cap-view-stacked .elementor-drop-cap{background-color:#69727d;color:#fff}.elementor-widget-text-editor.elementor-drop-cap-view-framed .elementor-drop-cap{color:#69727d;border:3px solid;background-color:transparent}.elementor-widget-text-editor:not(.elementor-drop-cap-view-default) .elementor-drop-cap{margin-top:8px}.elementor-widget-text-editor:not(.elementor-drop-cap-view-default) .elementor-drop-cap-letter{width:1em;height:1em}.elementor-widget-text-editor .elementor-drop-cap{float:left;text-align:center;line-height:1;font-size:50px}.elementor-widget-text-editor .elementor-drop-cap-letter{display:inline-block}<\/style>\t\t\t\t<p>D\u016fvod je jednoduch\u00fd a z\u0159ejm\u00fd, ale odpov\u011b\u010f na n\u011bj je pom\u011brn\u011b slo\u017eit\u00e1. Dovolte mi, abych v\u00e1m ji vysv\u011btlila. Proto\u017ee \u010cesk\u00e1 republika byla ve 20. stolet\u00ed dlouho v totalitn\u00edm re\u017eimu, ztratili jsme smysl pro kvalitu potravin. V tomto obdob\u00ed byla ot\u00e1zka ceny d\u016fle\u017eit\u011bj\u0161\u00ed ne\u017e kvalita. V\u0161echny tradi\u010dn\u00ed mou\u010dn\u00edky se p\u0159etvo\u0159ily v oby\u010dejn\u00e9 levn\u00e9 pr\u00e1zdn\u00e9 sladkosti.<\/p>\t\t\t\t\t\t<\/div>\n\t\t\t\t<\/div>\n\t\t\t\t<div class=\"elementor-element elementor-element-54b6109 elementor-widget elementor-widget-image\" data-id=\"54b6109\" data-element_type=\"widget\" data-widget_type=\"image.default\">\n\t\t\t\t<div class=\"elementor-widget-container\">\n\t\t\t<style>\/*! elementor - v3.23.0 - 05-08-2024 *\/\n.elementor-widget-image{text-align:center}.elementor-widget-image a{display:inline-block}.elementor-widget-image a img[src$=\".svg\"]{width:48px}.elementor-widget-image img{vertical-align:middle;display:inline-block}<\/style>\t\t\t\t\t\t\t\t\t\t<img fetchpriority=\"high\" decoding=\"async\" width=\"800\" height=\"533\" src=\"https:\/\/terezajanikova.cz\/wp-content\/uploads\/2023\/10\/20zimaOL-96-e1696891772737-1024x682.webp\" class=\"attachment-large size-large wp-image-239\" alt=\"\" srcset=\"https:\/\/terezajanikova.cz\/wp-content\/uploads\/2023\/10\/20zimaOL-96-e1696891772737-1024x682.webp 1024w, https:\/\/terezajanikova.cz\/wp-content\/uploads\/2023\/10\/20zimaOL-96-e1696891772737-600x400.webp 600w, https:\/\/terezajanikova.cz\/wp-content\/uploads\/2023\/10\/20zimaOL-96-e1696891772737-300x200.webp 300w, https:\/\/terezajanikova.cz\/wp-content\/uploads\/2023\/10\/20zimaOL-96-e1696891772737-768x512.webp 768w, https:\/\/terezajanikova.cz\/wp-content\/uploads\/2023\/10\/20zimaOL-96-e1696891772737.webp 1076w\" sizes=\"(max-width: 800px) 100vw, 800px\" \/>\t\t\t\t\t\t\t\t\t\t\t\t\t<\/div>\n\t\t\t\t<\/div>\n\t\t\t\t<div class=\"elementor-element elementor-element-c1fed24 elementor-widget elementor-widget-heading\" data-id=\"c1fed24\" data-element_type=\"widget\" data-widget_type=\"heading.default\">\n\t\t\t\t<div class=\"elementor-widget-container\">\n\t\t\t<h2 class=\"elementor-heading-title elementor-size-default\">V\u0161echny cukr\u00e1rny ve m\u011bst\u011b se zasekly v minulosti. St\u00e1le prod\u00e1valy tyhle komunistick\u00e9 blafy. <\/h2>\t\t<\/div>\n\t\t\t\t<\/div>\n\t\t\t\t<div class=\"elementor-element elementor-element-94d0395 elementor-widget__width-initial elementor-widget elementor-widget-text-editor\" data-id=\"94d0395\" data-element_type=\"widget\" data-widget_type=\"text-editor.default\">\n\t\t\t\t<div class=\"elementor-widget-container\">\n\t\t\t\t\t\t\t<p>Moje m\u00e1ma v tom vid\u00ed p\u0159\u00edle\u017eitost za\u010d\u00edt vyr\u00e1b\u011bt kvalitn\u00ed produkty. A tak za\u010dala s dorty. Kdy\u017e mi bylo 18 let, p\u0159evzali jsme s bratrem jej\u00ed podnik\u00e1n\u00ed a pokra\u010dovali v jej\u00ed cest\u011b.<\/p>\t\t\t\t\t\t<\/div>\n\t\t\t\t<\/div>\n\t\t\t\t<div class=\"elementor-element elementor-element-836506a elementor-widget elementor-widget-image\" data-id=\"836506a\" data-element_type=\"widget\" data-widget_type=\"image.default\">\n\t\t\t\t<div class=\"elementor-widget-container\">\n\t\t\t\t\t\t\t\t\t\t\t\t\t<img decoding=\"async\" width=\"800\" height=\"533\" src=\"https:\/\/terezajanikova.cz\/wp-content\/uploads\/2023\/10\/ollies_0406-1024x682.webp\" class=\"attachment-large size-large wp-image-240\" alt=\"\" srcset=\"https:\/\/terezajanikova.cz\/wp-content\/uploads\/2023\/10\/ollies_0406-1024x682.webp 1024w, https:\/\/terezajanikova.cz\/wp-content\/uploads\/2023\/10\/ollies_0406-600x400.webp 600w, https:\/\/terezajanikova.cz\/wp-content\/uploads\/2023\/10\/ollies_0406-300x200.webp 300w, https:\/\/terezajanikova.cz\/wp-content\/uploads\/2023\/10\/ollies_0406-768x512.webp 768w, https:\/\/terezajanikova.cz\/wp-content\/uploads\/2023\/10\/ollies_0406.webp 1078w\" sizes=\"(max-width: 800px) 100vw, 800px\" \/>\t\t\t\t\t\t\t\t\t\t\t\t\t<\/div>\n\t\t\t\t<\/div>\n\t\t\t\t<div class=\"elementor-element elementor-element-a941961 elementor-widget elementor-widget-heading\" data-id=\"a941961\" data-element_type=\"widget\" data-widget_type=\"heading.default\">\n\t\t\t\t<div class=\"elementor-widget-container\">\n\t\t\t<h2 class=\"elementor-heading-title elementor-size-default\">Jela jsem se u\u010dit do Pa\u0159\u00ed\u017ee, a kdy\u017e jsem se vr\u00e1tila, v\u011bd\u011bla jsem, \u017ee nebudu d\u011blat jen \u010desk\u00e9 dezerty.<\/h2>\t\t<\/div>\n\t\t\t\t<\/div>\n\t\t\t\t<div class=\"elementor-element elementor-element-c1c250b elementor-widget elementor-widget-text-editor\" data-id=\"c1c250b\" data-element_type=\"widget\" data-widget_type=\"text-editor.default\">\n\t\t\t\t<div class=\"elementor-widget-container\">\n\t\t\t\t\t\t\t<p>Francouzsk\u00e9 dezerty jsou z\u00e1kladem pro v\u0161echny druhy dezert\u016f. \u0158ekla bych, \u017ee je t\u00e9m\u011b\u0159 nezbytn\u00e9 dodr\u017eovat n\u011bkter\u00e9 jejich postupy, abyste p\u0159ipravili dobr\u00fd dezert. Francouzsk\u00e9 techniky jsem za\u010dala pou\u017e\u00edvat i v na\u0161ich dortech. Po n\u011bjak\u00e9 dob\u011b mi to ale p\u0159estalo sta\u010dit.<\/p>\t\t\t\t\t\t<\/div>\n\t\t\t\t<\/div>\n\t\t\t\t<div class=\"elementor-element elementor-element-b88a69e elementor-widget elementor-widget-image\" data-id=\"b88a69e\" data-element_type=\"widget\" data-widget_type=\"image.default\">\n\t\t\t\t<div class=\"elementor-widget-container\">\n\t\t\t\t\t\t\t\t\t\t\t\t\t<img decoding=\"async\" width=\"800\" height=\"533\" src=\"https:\/\/terezajanikova.cz\/wp-content\/uploads\/2023\/10\/IMG_9561-1024x682.webp\" class=\"attachment-large size-large wp-image-241\" alt=\"\" srcset=\"https:\/\/terezajanikova.cz\/wp-content\/uploads\/2023\/10\/IMG_9561-1024x682.webp 1024w, https:\/\/terezajanikova.cz\/wp-content\/uploads\/2023\/10\/IMG_9561-600x400.webp 600w, https:\/\/terezajanikova.cz\/wp-content\/uploads\/2023\/10\/IMG_9561-300x200.webp 300w, https:\/\/terezajanikova.cz\/wp-content\/uploads\/2023\/10\/IMG_9561-768x512.webp 768w, https:\/\/terezajanikova.cz\/wp-content\/uploads\/2023\/10\/IMG_9561.webp 1078w\" sizes=\"(max-width: 800px) 100vw, 800px\" \/>\t\t\t\t\t\t\t\t\t\t\t\t\t<\/div>\n\t\t\t\t<\/div>\n\t\t\t\t<div class=\"elementor-element elementor-element-bf2e2b1 elementor-widget elementor-widget-heading\" data-id=\"bf2e2b1\" data-element_type=\"widget\" data-widget_type=\"heading.default\">\n\t\t\t\t<div class=\"elementor-widget-container\">\n\t\t\t<h2 class=\"elementor-heading-title elementor-size-default\">\nM\u011bla jsem pocit, \u017ee mus\u00edme pokro\u010dit a vytvo\u0159it n\u011bco sofistikovan\u011bj\u0161\u00edho. <\/h2>\t\t<\/div>\n\t\t\t\t<\/div>\n\t\t\t\t<div class=\"elementor-element elementor-element-5a42d82 elementor-widget elementor-widget-text-editor\" data-id=\"5a42d82\" data-element_type=\"widget\" data-widget_type=\"text-editor.default\">\n\t\t\t\t<div class=\"elementor-widget-container\">\n\t\t\t\t\t\t\t<p>Nejbli\u017e\u0161\u00ed zp\u016fsob, jak \u010cech\u016fm uk\u00e1zat n\u011bco z francouzsk\u00fdch dezert\u016f, byl eclair d\u00edky sv\u00e9mu t\u011bstov\u00e9mu z\u00e1kladu choux. Z chouxov\u00e9ho t\u011bsta vyr\u00e1b\u00edme i n\u00e1\u0161 nejtradi\u010dn\u011bj\u0161\u00ed \u010desk\u00fd mou\u010dn\u00edk V\u011btrn\u00edk. Lid\u00e9 ho opravdu miluj\u00ed, tak\u017ee to byl snadn\u00fd zp\u016fsob, jak je pozvat na eclairs. Od t\u00e9 doby jsem vymyslela mnoho p\u0159\u00edchut\u00ed,nejprod\u00e1van\u011bj\u0161\u00ed jsou pist\u00e1ciov\u00e9 a malinov\u00e9 a l\u00edskoo\u0159\u00ed\u0161kov\u00e9, \u010dokol\u00e1dov\u00e9 a se s\u00fdrem mascarpone. Na francouzsk\u00e9m t\u011bst\u011b choux miluji \"craquelin\", k\u0159upavou vrstvu na povrchu, kter\u00e1 se v \u010desk\u00e9m t\u011bst\u011b nepou\u017e\u00edv\u00e1.<\/p>\t\t\t\t\t\t<\/div>\n\t\t\t\t<\/div>\n\t\t\t\t<div class=\"elementor-element elementor-element-ac57dd5 elementor-widget elementor-widget-image\" data-id=\"ac57dd5\" data-element_type=\"widget\" data-widget_type=\"image.default\">\n\t\t\t\t<div class=\"elementor-widget-container\">\n\t\t\t\t\t\t\t\t\t\t\t\t\t<img loading=\"lazy\" decoding=\"async\" width=\"800\" height=\"533\" src=\"https:\/\/terezajanikova.cz\/wp-content\/uploads\/2023\/10\/20zimaOL-82-1024x682.webp\" class=\"attachment-large size-large wp-image-242\" alt=\"\" srcset=\"https:\/\/terezajanikova.cz\/wp-content\/uploads\/2023\/10\/20zimaOL-82-1024x682.webp 1024w, https:\/\/terezajanikova.cz\/wp-content\/uploads\/2023\/10\/20zimaOL-82-600x400.webp 600w, https:\/\/terezajanikova.cz\/wp-content\/uploads\/2023\/10\/20zimaOL-82-300x200.webp 300w, https:\/\/terezajanikova.cz\/wp-content\/uploads\/2023\/10\/20zimaOL-82-768x512.webp 768w, https:\/\/terezajanikova.cz\/wp-content\/uploads\/2023\/10\/20zimaOL-82.webp 1078w\" sizes=\"(max-width: 800px) 100vw, 800px\" \/>\t\t\t\t\t\t\t\t\t\t\t\t\t<\/div>\n\t\t\t\t<\/div>\n\t\t\t\t\t<\/div>\n\t\t\t\t<\/div>\n\t\t\t\t<\/div>","protected":false},"excerpt":{"rendered":"<p>Eclairs You might be curious why I mostly do french desserts in czech pastry shop. The reason is simple and obvious but the answer to it is quite difficult. Let me explain it to you. Since Czech Republic was in totalitarian regime for long time during 20th century, we lost the sense for quality of [&hellip;]<\/p>","protected":false},"author":1,"featured_media":0,"parent":0,"menu_order":0,"comment_status":"closed","ping_status":"closed","template":"elementor_header_footer","meta":{"footnotes":""},"class_list":["post-237","page","type-page","status-publish","hentry"],"_links":{"self":[{"href":"https:\/\/terezajanikova.cz\/cz\/wp-json\/wp\/v2\/pages\/237","targetHints":{"allow":["GET"]}}],"collection":[{"href":"https:\/\/terezajanikova.cz\/cz\/wp-json\/wp\/v2\/pages"}],"about":[{"href":"https:\/\/terezajanikova.cz\/cz\/wp-json\/wp\/v2\/types\/page"}],"author":[{"embeddable":true,"href":"https:\/\/terezajanikova.cz\/cz\/wp-json\/wp\/v2\/users\/1"}],"replies":[{"embeddable":true,"href":"https:\/\/terezajanikova.cz\/cz\/wp-json\/wp\/v2\/comments?post=237"}],"version-history":[{"count":10,"href":"https:\/\/terezajanikova.cz\/cz\/wp-json\/wp\/v2\/pages\/237\/revisions"}],"predecessor-version":[{"id":633,"href":"https:\/\/terezajanikova.cz\/cz\/wp-json\/wp\/v2\/pages\/237\/revisions\/633"}],"wp:attachment":[{"href":"https:\/\/terezajanikova.cz\/cz\/wp-json\/wp\/v2\/media?parent=237"}],"curies":[{"name":"wp","href":"https:\/\/api.w.org\/{rel}","templated":true}]}}