{"id":416,"date":"2023-10-10T22:11:04","date_gmt":"2023-10-10T22:11:04","guid":{"rendered":"http:\/\/terezagondkova.wbfdev.cz\/kosik\/"},"modified":"2023-11-07T15:05:59","modified_gmt":"2023-11-07T15:05:59","slug":"cart","status":"publish","type":"page","link":"https:\/\/terezajanikova.cz\/cz\/cart\/","title":{"rendered":"Cart"},"content":{"rendered":"<div data-elementor-type=\"wp-page\" data-elementor-id=\"416\" class=\"elementor elementor-416\" data-elementor-post-type=\"page\">\n\t\t\t\t<div class=\"elementor-element elementor-element-d9b5c74 e-flex e-con-boxed e-con e-parent\" data-id=\"d9b5c74\" data-element_type=\"container\">\n\t\t\t\t\t<div class=\"e-con-inner\">\n\t\t\t\t\t<\/div>\n\t\t\t\t<\/div>\n\t\t\t\t<\/div>","protected":false},"excerpt":{"rendered":"<p>Odstranit polo\u017eku N\u00e1hled Produkt Cena Mno\u017estv\u00ed Mezisou\u010det &times; Creative people need some time to sit and do nothing 68.000&nbsp;&#75;&#269; Creative people need some time to sit and do nothing mno\u017estv\u00ed 68.000&nbsp;&#75;&#269; Update Cart Cart Totals Mezisou\u010det 68.000&nbsp;&#75;&#269; Cena celkem 68.000&nbsp;&#75;&#269; Proceed to Checkout<\/p>","protected":false},"author":1,"featured_media":0,"parent":0,"menu_order":0,"comment_status":"closed","ping_status":"closed","template":"elementor_header_footer","meta":{"footnotes":""},"class_list":["post-416","page","type-page","status-publish","hentry"],"_links":{"self":[{"href":"https:\/\/terezajanikova.cz\/cz\/wp-json\/wp\/v2\/pages\/416","targetHints":{"allow":["GET"]}}],"collection":[{"href":"https:\/\/terezajanikova.cz\/cz\/wp-json\/wp\/v2\/pages"}],"about":[{"href":"https:\/\/terezajanikova.cz\/cz\/wp-json\/wp\/v2\/types\/page"}],"author":[{"embeddable":true,"href":"https:\/\/terezajanikova.cz\/cz\/wp-json\/wp\/v2\/users\/1"}],"replies":[{"embeddable":true,"href":"https:\/\/terezajanikova.cz\/cz\/wp-json\/wp\/v2\/comments?post=416"}],"version-history":[{"count":13,"href":"https:\/\/terezajanikova.cz\/cz\/wp-json\/wp\/v2\/pages\/416\/revisions"}],"predecessor-version":[{"id":657,"href":"https:\/\/terezajanikova.cz\/cz\/wp-json\/wp\/v2\/pages\/416\/revisions\/657"}],"wp:attachment":[{"href":"https:\/\/terezajanikova.cz\/cz\/wp-json\/wp\/v2\/media?parent=416"}],"curies":[{"name":"wp","href":"https:\/\/api.w.org\/{rel}","templated":true}]}}