{"id":1021,"date":"2024-07-31T07:56:30","date_gmt":"2024-07-31T07:56:30","guid":{"rendered":"https:\/\/terezajanikova.cz\/?post_type=product&#038;p=1021"},"modified":"2024-07-31T08:39:03","modified_gmt":"2024-07-31T08:39:03","slug":"they-were-seen-dancing","status":"publish","type":"product","link":"https:\/\/terezajanikova.cz\/cz\/produkt\/they-were-seen-dancing\/","title":{"rendered":"They were seen dancing 260&#215;140"},"content":{"rendered":"<p><b>And those who were seen dancing were thought to be insane by those who could not hear the music. Friedrich Nietzsche<\/b><\/p>\n<p>260&#215;140<\/p>\n<p>Acrylics, oil pastels, primed canvas<\/p>\n<p>V\u017edy jsem si p\u0159ipadala tak trochu jin\u00e1. Nejv\u00edc jsem si to za\u010dala uv\u011bdomovat na 8milet\u00e9 st\u0159edn\u00ed \u0161kole, kterou jsem prakticky celou probulala. \u0158\u00edk\u00e1 se to tak ne ? \ud83d\ude00Potom, co jsem zjistila jak efektn\u011b si um\u00edm napsat omluvenku skoro stejn\u011b jako to psala moje maminka, to nebylo v\u016fbec t\u011b\u017ek\u00e9. Pak jsem po p\u00e1r m\u011bs\u00edc\u00edch ode\u0161la z vysok\u00e9 \u0161koly, proto\u017ee ani ta mi ned\u00e1vala smysl a za\u010dala jsem podnikat se s sv\u00fdm br\u00e1chou.<span class=\"Apple-converted-space\">\u00a0<\/span><\/p>\n<p>Dal\u0161\u00edch 15 let mi d\u00e1valo smysl v\u011bt\u0161inu sv\u00e9ho \u010dasu a sn\u016f ob\u011btovat pr\u00e1v\u011b podnik\u00e1n\u00ed a to na\u0161\u00ed spole\u010dn\u00e9 firm\u011b OLLIES. Ale jak jde \u010das a \u017eivot se mi posouv\u00e1 do jin\u00fdch \u00farovn\u00ed, za\u010d\u00edn\u00e1m \u010d\u00edm d\u00e1l v\u00edce pozn\u00e1vat sama sebe.<span class=\"Apple-converted-space\">\u00a0<\/span><\/p>\n<p>Za\u010d\u00edn\u00e1m \u010d\u00edm d\u00e1l v\u00edce pozorovat, \u017ee klidn\u00e1 r\u00e1na a klid v du\u0161i jsou mi cenn\u011bj\u0161\u00ed ne\u017e ve velk\u00e9 firm\u011b v\u0161e \u0159\u00eddit a kontrolovat. \u017de prost\u011bj\u0161\u00ed \u017eivot pln\u00fd radosti, l\u00e1sky, zp\u011bvu a tance je mi bli\u017e\u0161\u00ed ne\u017e luxus a p\u0159epych. \u017de samota p\u0159i pr\u00e1ci je pro m\u011b lep\u0161\u00ed ne\u017e t\u00fdmov\u00e9 ta\u017een\u00ed za jeden provaz. \u017de ur\u010dit\u00e1 m\u00edra chaosu v m\u00e9m pracovn\u00edm prost\u0159ed\u00ed je pro m\u011b bli\u017e\u0161\u00ed ne\u017e pevn\u00e1 pravidla a procesy.<\/p>\n<p>A tak d\u011bkuju m\u00e9mu br\u00e1chovi, kter\u00fd r\u00e1d stoj\u00ed v roli \u0159editele na\u0161\u00ed firmy a s l\u00e1skou m\u011b podporuje v m\u00e9 roli kreativn\u00ed, ve kter\u00e9 m\u016f\u017eu tvo\u0159it. A hlavn\u011b b\u00fdt sama sebou. Ikdy\u017e mo\u017en\u00e1 nev\u00ed kdo sama sebou jsem, v\u011b\u0159\u00edm, \u017ee m\u011b p\u0159ij\u00edm\u00e1 a\u0165 jsem k\u00fdmkoliv, tak jako p\u0159ij\u00edm\u00e1m j\u00e1 jeho.<\/p>","protected":false},"excerpt":{"rendered":"<p>And those who were seen dancing were thought to be insane by those who could not hear the music. Friedrich Nietzsche 260&#215;140 Acrylics, oil pastels, primed canvas I always felt a little different. I became most aware of this in 8 years of high school, which I practically flunked all the way through. That&#8217;s what [&hellip;]<\/p>","protected":false},"featured_media":1011,"comment_status":"open","ping_status":"closed","template":"","meta":[],"product_cat":[24],"product_tag":[],"class_list":{"0":"post-1021","1":"product","2":"type-product","3":"status-publish","4":"has-post-thumbnail","6":"product_cat-art","8":"first","9":"instock","10":"shipping-taxable","11":"purchasable","12":"product-type-simple"},"_links":{"self":[{"href":"https:\/\/terezajanikova.cz\/cz\/wp-json\/wp\/v2\/product\/1021","targetHints":{"allow":["GET"]}}],"collection":[{"href":"https:\/\/terezajanikova.cz\/cz\/wp-json\/wp\/v2\/product"}],"about":[{"href":"https:\/\/terezajanikova.cz\/cz\/wp-json\/wp\/v2\/types\/product"}],"replies":[{"embeddable":true,"href":"https:\/\/terezajanikova.cz\/cz\/wp-json\/wp\/v2\/comments?post=1021"}],"wp:featuredmedia":[{"embeddable":true,"href":"https:\/\/terezajanikova.cz\/cz\/wp-json\/wp\/v2\/media\/1011"}],"wp:attachment":[{"href":"https:\/\/terezajanikova.cz\/cz\/wp-json\/wp\/v2\/media?parent=1021"}],"wp:term":[{"taxonomy":"product_cat","embeddable":true,"href":"https:\/\/terezajanikova.cz\/cz\/wp-json\/wp\/v2\/product_cat?post=1021"},{"taxonomy":"product_tag","embeddable":true,"href":"https:\/\/terezajanikova.cz\/cz\/wp-json\/wp\/v2\/product_tag?post=1021"}],"curies":[{"name":"wp","href":"https:\/\/api.w.org\/{rel}","templated":true}]}}