{"id":1022,"date":"2024-07-31T08:01:12","date_gmt":"2024-07-31T08:01:12","guid":{"rendered":"https:\/\/terezajanikova.cz\/?post_type=product&#038;p=1022"},"modified":"2026-01-29T09:13:47","modified_gmt":"2026-01-29T09:13:47","slug":"alliance-with-truth-80x140","status":"publish","type":"product","link":"https:\/\/terezajanikova.cz\/cz\/produkt\/alliance-with-truth-80x140\/","title":{"rendered":"Alliance with truth 80&#215;130"},"content":{"rendered":"<p><b>Rad\u011bji bych byla \u010f\u00e1blem ve spojenectv\u00ed s pravdou ne\u017e and\u011blem ve spojenectv\u00ed s l\u017e\u00ed.<span class=\"Apple-converted-space\">\u00a0 <\/span>Ludwig Feuerbach<\/b><\/p>\n<p>80&#215;130<\/p>\n<p>Akryl, such\u00e9 pastely, olejov\u00e9 pastely, tu\u017eka, bavln\u011bn\u00e9 pl\u00e1tno<\/p>\n<p>Uuu. Tento p\u0159\u00edb\u011bh je pro m\u011b siln\u00fd a velmi emotivn\u00ed. Ale zkus\u00edm to.<span class=\"Apple-converted-space\">\u00a0<\/span><\/p>\n<p>Vedli jsme s br\u00e1chou rodinnou firmu. Celou dobu jsme ale v\u011bd\u011bli, \u017ee ne v\u017edy byli na\u0161i rodi\u010de ve v\u011bcech k n\u00e1m up\u0159\u00edmn\u00ed. Z\u00e1rove\u0148 jsme v\u011bd\u011bli, \u017ee n\u00e1\u0161 t\u00e1ta nebyl up\u0159\u00edmn\u00fd ve v\u0161em jak k n\u00e1m, tak i k na\u0161\u00ed mamce. T\u00edm nechci nikoho z nich hodnotit, odsuzovat nebo obvi\u0148ovat. Naopak chci vyzdvihnout jen to dobr\u00e9, co mi tato zku\u0161enost p\u0159inesla.<\/p>\n<p>Cel\u00e9 roky jsem o tom nedok\u00e1zala mluvit. S\u017e\u00edralo m\u011b to zevnit\u0159. <span class=\"Apple-converted-space\">\u00a0<\/span><\/p>\n<p>M\u011blo to velk\u00fd vliv na moje vztahy. Setk\u00e1vala jsem se s neup\u0159\u00edmnost\u00ed mnoha podob na ka\u017ed\u00e9m rohu.<span class=\"Apple-converted-space\">\u00a0<\/span><\/p>\n<p>St\u00e1le jsem se v\u00edce a v\u00edce zam\u00fd\u0161lela nad t\u00edm, co to znamen\u00e1 - b\u00fdt up\u0159\u00edmn\u00fd a \u017e\u00edt v pravd\u011b.<\/p>\n<p>Neust\u00e1le jsem se setk\u00e1vala s hesly jako: l\u00e1ska, pravda, odvaha, \u017eivot v integrit\u011b, \u010distot\u011b a podobn\u011b.<\/p>\n<p>A\u017e jsem doopravdy pochopila\/pro\u017eila jejich v\u00fdznam.<span class=\"Apple-converted-space\">\u00a0<\/span><\/p>\n<p>Bylo v\u0161ak nutn\u00e9 za\u010d\u00edt u m\u011b.<span class=\"Apple-converted-space\">\u00a0<\/span><\/p>\n<p>A tak jsem zjistila,<span class=\"Apple-converted-space\">\u00a0<\/span><\/p>\n<p>\u017ee pr\u00e1v\u011b ta nejt\u011b\u017e\u0161\u00ed t\u00e9mata je t\u0159eba otev\u0159\u00edt, aby se n\u00e1m nejv\u00edce ulevilo. \u017de pr\u00e1v\u011b up\u0159\u00edmnost a pravda vede k opravdov\u00fdm napln\u011bn\u00fdm vztah\u016fm s dobr\u00fdmi z\u00e1klady. \u017de pr\u00e1v\u011b a jedin\u011b pravda a up\u0159\u00edmnost zajist\u00ed vnit\u0159n\u00ed klid.<span class=\"Apple-converted-space\">\u00a0<\/span><\/p>\n<p>A tak u\u017e p\u00e1r let mluv\u00edm pravdu, opravdu ve v\u0161em. Nebo alespo\u0148 nel\u017eu.<span class=\"Apple-converted-space\">\u00a0 <\/span>Proto jsem vd\u011b\u010dn\u00e1 za na\u0161i rodinnou historii, d\u00edky kter\u00e9 pokl\u00e1d\u00e1m up\u0159\u00edmnost za mou nejd\u016fle\u017eit\u011bj\u0161\u00ed hodnotu v \u017eivot\u011b. C\u00edt\u00edm se uvoln\u011bn\u011b a klidn\u011b. Ach ano ten kr\u00e1sn\u00fd pocit, v pravd\u011b \u017e\u00edt a nic si nenalh\u00e1vat. Milosrdn\u00fdm l\u017e\u00edm se vyh\u00fdbat.<\/p>\n<p>O to v\u00edce jsem nemohla uv\u011b\u0159it tomu, co \u201ese mi stalo\u201c. Zjistila jsem, \u017ee mi lhala moje \u017eivotn\u00ed l\u00e1ska. Nedok\u00e1\u017eu slovy vyj\u00e1d\u0159it emoci, kterou jsem c\u00edtila. M\u00e9 sev\u0159en\u00e9 t\u011blo se zrychlen\u00fdm tepem st\u00e9nalo bolest\u00ed. Z\u00e1rove\u0148 si uv\u011bdomuju druhou rovinu v\u011bci a to je fakt, \u017ee jsem se ale nakonec dozv\u011bd\u011bla tu t\u00ed\u017eenou pravdu.<span class=\"Apple-converted-space\">\u00a0<\/span><\/p>\n<p>A tak p\u0159em\u00fd\u0161l\u00edm nad touto t\u011b\u017ekou situac\u00ed, kdy zlomilo mi to srdce.<span class=\"Apple-converted-space\">\u00a0<\/span><\/p>\n<p>A sna\u017e\u00edm se hledat jen to dobr\u00e9, co\u017e nejde mi lehce.<\/p>\n<p>A proto odpu\u0161t\u011bn\u00ed vyb\u00edr\u00e1m si<span class=\"Apple-converted-space\">\u00a0<\/span><\/p>\n<p>a litov\u00e1n\u00ed sebe sama odp\u00edr\u00e1m si.<\/p>\n<p>Velk\u00e1, ale t\u011b\u017ek\u00e1 p\u0159\u00edle\u017eitost to pro m\u011b je,<span class=\"Apple-converted-space\">\u00a0<\/span><\/p>\n<p>vid\u011bt mou l\u00e1sku v tu chv\u00edli jako u\u010ditele.<\/p>\n<p>A\u017e ver\u0161e z toho za\u010dala jsem ps\u00e1t,<span class=\"Apple-converted-space\">\u00a0<\/span><\/p>\n<p>Nen\u00ed nad to, si ze sebe srandu ud\u011blat \ud83e\udd23<\/p>\n<p>A tak c\u00edt\u00edm prostor v m\u00e9m okol\u00ed jak se \u010dist\u00ed,<span class=\"Apple-converted-space\">\u00a0<\/span><\/p>\n<p>bol\u00ed to ale klid do budoucna to jist\u00ed.<\/p>","protected":false},"excerpt":{"rendered":"<p>I would rather be a devil in alliance with truth, than an angel in alliance with falsehood.\u00a0 Ludwig Feuerbach 80&#215;130 Acrylics, dry pastels, oil pastels, pencil, raw canvas Uh-oh. This story is powerful and very emotional for me. But I&#8217;ll give it a shot.\u00a0 My brother and I ran the family business. But we knew [&hellip;]<\/p>","protected":false},"featured_media":1014,"comment_status":"open","ping_status":"closed","template":"","meta":[],"product_cat":[24],"product_tag":[],"class_list":{"0":"post-1022","1":"product","2":"type-product","3":"status-publish","4":"has-post-thumbnail","6":"product_cat-art","8":"first","9":"instock","10":"shipping-taxable","11":"purchasable","12":"product-type-simple"},"_links":{"self":[{"href":"https:\/\/terezajanikova.cz\/cz\/wp-json\/wp\/v2\/product\/1022","targetHints":{"allow":["GET"]}}],"collection":[{"href":"https:\/\/terezajanikova.cz\/cz\/wp-json\/wp\/v2\/product"}],"about":[{"href":"https:\/\/terezajanikova.cz\/cz\/wp-json\/wp\/v2\/types\/product"}],"replies":[{"embeddable":true,"href":"https:\/\/terezajanikova.cz\/cz\/wp-json\/wp\/v2\/comments?post=1022"}],"wp:featuredmedia":[{"embeddable":true,"href":"https:\/\/terezajanikova.cz\/cz\/wp-json\/wp\/v2\/media\/1014"}],"wp:attachment":[{"href":"https:\/\/terezajanikova.cz\/cz\/wp-json\/wp\/v2\/media?parent=1022"}],"wp:term":[{"taxonomy":"product_cat","embeddable":true,"href":"https:\/\/terezajanikova.cz\/cz\/wp-json\/wp\/v2\/product_cat?post=1022"},{"taxonomy":"product_tag","embeddable":true,"href":"https:\/\/terezajanikova.cz\/cz\/wp-json\/wp\/v2\/product_tag?post=1022"}],"curies":[{"name":"wp","href":"https:\/\/api.w.org\/{rel}","templated":true}]}}