{"id":522,"date":"2023-10-18T12:35:05","date_gmt":"2023-10-18T12:35:05","guid":{"rendered":"http:\/\/terezagondkova.wbfdev.cz\/?post_type=product&#038;p=522"},"modified":"2024-08-04T15:14:19","modified_gmt":"2024-08-04T15:14:19","slug":"creative-people","status":"publish","type":"product","link":"https:\/\/terezajanikova.cz\/cz\/produkt\/creative-people\/","title":{"rendered":"Creative people need some time to sit and do nothing 290&#215;140"},"content":{"rendered":"<p>Creative people need some time to sit and do nothing<\/p>\n<p>Acrylic and dry pastels on raw canvas<\/p>\n<p>290 cm x 140 cm<\/p>\n<p>Kreativita. Tvorba. Um\u011bn\u00ed. To v\u0161e na\u0161e du\u0161e vy\u017eivuje a propojuje mezi sebou a s okoln\u00edm sv\u011btem.<\/p>\n<p>Jak se v\u00e1m tyto kvality da\u0159\u00ed rozproudit, podpo\u0159it?<span class=\"Apple-converted-space\">\u00a0<\/span><\/p>\n<p>U m\u011b samotn\u00e9 nejl\u00e9pe funguje ticho, meditace nebo jen spo\u010dinut\u00ed v klidu. Proto jsem si tak moc zamilovala tento cit\u00e1t. Ano bo\u017ee, d\u00edky, \u017ee to kone\u010dn\u011b n\u011bkdo \u0159ekl. Ne jeden produkt v OLLIES nebo obraz vznikl pr\u00e1v\u011b v meditaci. Kdy\u017e m\u00e1 bytost zpomal\u00ed\u2026 Postupn\u011b odbour\u00e1 vn\u011bj\u0161\u00ed vlivy, zbyte\u010dn\u00e9 my\u0161lenky, pocity nepohody. Z\u016fstane jen prostor na tady a te\u010f. V tomto moment\u011b c\u00edt\u00edm napojen\u00ed na m\u00e9 vy\u0161\u0161\u00ed j\u00e1, kter\u00e9 se dot\u00fdk\u00e1 \u010dehosi kr\u00e1sn\u00e9ho, mocn\u00e9ho, n\u011b\u010deho, co n\u00e1s p\u0159esahuje. V tomto splynut\u00ed nach\u00e1z\u00edm nejv\u00edce odpov\u011bd\u00ed a inovac\u00ed.<span class=\"Apple-converted-space\">\u00a0<\/span><\/p>\n<p>Proto u\u010dme se b\u00fdt sami. A podpo\u0159me tak svoji kreativitu.<\/p>","protected":false},"excerpt":{"rendered":"<p>Creative people need some time to sit and do nothing Acrylic and dry pastels on raw canvas 290 cm x 140 cm Creativity. Creation process. Art. All of these nourish our souls and connect us to each other and to the world around us. How do you foster these qualities?\u00a0 For myself, silence, meditation or [&hellip;]<\/p>","protected":false},"featured_media":711,"comment_status":"open","ping_status":"closed","template":"","meta":[],"product_cat":[30],"product_tag":[],"class_list":{"0":"post-522","1":"product","2":"type-product","3":"status-publish","4":"has-post-thumbnail","6":"product_cat-e-shop","8":"first","9":"instock","10":"shipping-taxable","11":"purchasable","12":"product-type-simple"},"_links":{"self":[{"href":"https:\/\/terezajanikova.cz\/cz\/wp-json\/wp\/v2\/product\/522","targetHints":{"allow":["GET"]}}],"collection":[{"href":"https:\/\/terezajanikova.cz\/cz\/wp-json\/wp\/v2\/product"}],"about":[{"href":"https:\/\/terezajanikova.cz\/cz\/wp-json\/wp\/v2\/types\/product"}],"replies":[{"embeddable":true,"href":"https:\/\/terezajanikova.cz\/cz\/wp-json\/wp\/v2\/comments?post=522"}],"wp:featuredmedia":[{"embeddable":true,"href":"https:\/\/terezajanikova.cz\/cz\/wp-json\/wp\/v2\/media\/711"}],"wp:attachment":[{"href":"https:\/\/terezajanikova.cz\/cz\/wp-json\/wp\/v2\/media?parent=522"}],"wp:term":[{"taxonomy":"product_cat","embeddable":true,"href":"https:\/\/terezajanikova.cz\/cz\/wp-json\/wp\/v2\/product_cat?post=522"},{"taxonomy":"product_tag","embeddable":true,"href":"https:\/\/terezajanikova.cz\/cz\/wp-json\/wp\/v2\/product_tag?post=522"}],"curies":[{"name":"wp","href":"https:\/\/api.w.org\/{rel}","templated":true}]}}