{"id":588,"date":"2023-10-19T10:27:46","date_gmt":"2023-10-19T10:27:46","guid":{"rendered":"http:\/\/terezagondkova.wbfdev.cz\/?post_type=product&#038;p=588"},"modified":"2024-07-30T14:41:54","modified_gmt":"2024-07-30T14:41:54","slug":"embryo","status":"publish","type":"product","link":"https:\/\/terezajanikova.cz\/cz\/produkt\/embryo\/","title":{"rendered":"Dance is the deepest meditation possible 100&#215;160"},"content":{"rendered":"<p>Dance is the deepest meditation possible. OSHO<\/p>\n<p>Acrylics on primed canvas<\/p>\n<p>&nbsp;<\/p>\n<p>100&#215;160<\/p>\n<p>A tak kdy\u017e si vzpomenu na svou prvn\u00ed rozlu\u010dku se svobodou, bylo n\u00e1s asi 5 a \u0161ly jsme po dvou skleni\u010dk\u00e1ch v\u00edna ve 12 sp\u00e1t. Jin\u00fdmi slovy, do n\u011bjak\u00fdch 27 let jsem byla opravdu velenudn\u00e1 bytost. Jednodu\u0161e jsem se neum\u011bla bavit. Moji nejlep\u0161\u00ed kamar\u00e1di T\u00fdna s Michalem si ze m\u011b st\u00e1le d\u011blali srandu, proto\u017ee jsem jim \u0159\u00edkala \u201e j\u00e1 u\u017e to m\u00e1m za sebou !\u201c<\/p>\n<p>To jsem ale nev\u011bd\u011bla, co p\u0159ijde po m\u00e9m rozvodu z prvn\u00edho man\u017eelstv\u00ed. V jin\u00e9m p\u0159\u00edb\u011bhu k obrazu \u201eA certain darkness is needed to see the stars\u201c jsem s v\u00e1mi sd\u00edlela sv\u016fj p\u0159\u00edb\u011bh o z\u00e1vislostech a o experimentov\u00e1n\u00ed s dal\u0161\u00edmi substancemi. Vypr\u00e1v\u011bla jsem v\u00e1m tak\u00e9 o tom, co v\u0161e mi tahle zku\u0161enost v m\u00e9m \u017eivot\u011b vzala.<\/p>\n<p>Te\u010f bych se na to pod\u00edvala trochu z jin\u00e9 perspektivy. Sly\u0161ela jsem od jedn\u00e9 \u017eeny, \u017ee experimentov\u00e1n\u00ed s r\u016fzn\u00fdmi substancemi n\u00e1s dovede na \u00farove\u0148 frekvence dan\u00e9 l\u00e1tky, na kterou bychom se norm\u00e1ln\u011b nedostali. Tyto frekvence pro n\u00e1s mohou b\u00fdt u\u010ditely. Pozor! Ale jen do t\u00e9 doby ne\u017e n\u00e1s za\u010dnou ovl\u00e1dat. Pak je to celkem probl\u00e9m.<\/p>\n<p>Na t\u011bchto odli\u0161n\u00fdch frekvenc\u00edch se m\u00e9 t\u011blo a mysl dostalo bl\u00ed\u017e k m\u00e9 podstat\u011b byt\u00ed. Otev\u0159elo a znovuobjevilo mou p\u0159irozenou divokost a hravost, kterou jsem z n\u011bjak\u00e9ho d\u016fvodu uvnit\u0159 u\u0161lapovala des\u00edtky let. M\u00e9 verb\u00e1ln\u00ed i neverb\u00e1ln\u00ed projevy nabyly na autenticit\u011b a uvoln\u011bnosti. M\u00e9 t\u011blo se najednou um\u011blo vlnit a pono\u0159it do pohyb\u016f, kter\u00e9 jsem si p\u0159edt\u00edm nedok\u00e1zala p\u0159edstavit a dovolit.<\/p>\n<p>Po zbaven\u00ed se v\u0161ech z\u00e1vislost\u00ed z\u016fstala d\u00edky bohu jen pam\u011b\u0165 a zku\u0161enost dan\u00e9 frekvence, kter\u00e1 m\u011b dovedla k opravdovosti projevu. Nau\u010dila m\u011b nap\u0159\u00edklad jak si u\u017e\u00edt extatick\u00fd tanec za st\u0159\u00edzliva a nechat se v\u00e9st sv\u00fdm vnit\u0159n\u00edm tane\u010dn\u00edkem, jak \u0159\u00edk\u00e1 @Petr z @orlickyeecstatic . Te\u010f vn\u00edm\u00e1m tanec jako jednu z nejblahod\u00e1rn\u011bj\u0161\u00edch aktivit \u017eivota v\u016fbec.<\/p>","protected":false},"excerpt":{"rendered":"<p>A tak kdy\u017e si vzpomenu na svou prvn\u00ed rozlu\u010dku se svobodou, bylo n\u00e1s asi 5 a \u0161ly jsme po dvou skleni\u010dk\u00e1ch v\u00edna ve 12 sp\u00e1t. Jin\u00fdmi slovy, do n\u011bjak\u00fdch 27 let jsem byla opravdu velenudn\u00e1 bytost. Jednodu\u0161e jsem se neum\u011bla bavit. Moji nejlep\u0161\u00ed kamar\u00e1di T\u00fdna s Michalem si ze m\u011b st\u00e1le d\u011blali srandu, proto\u017ee jsem jim \u0159\u00edkala \u201e j\u00e1 u\u017e to m\u00e1m za sebou !\u201c<span class=\"Apple-converted-space\">\u00a0<\/span><\/p>\n<p>To jsem ale nev\u011bd\u011bla, co p\u0159ijde po m\u00e9m rozvodu z prvn\u00edho man\u017eelstv\u00ed. V jin\u00e9m p\u0159\u00edb\u011bhu k obrazu \u201eA certain darkness is needed to see the stars\u201c jsem s v\u00e1mi sd\u00edlela sv\u016fj p\u0159\u00edb\u011bh o z\u00e1vislostech a o experimentov\u00e1n\u00ed s dal\u0161\u00edmi substancemi. Vypr\u00e1v\u011bla jsem v\u00e1m tak\u00e9 o tom, co v\u0161e mi tahle zku\u0161enost v m\u00e9m \u017eivot\u011b vzala. <span class=\"Apple-converted-space\">\u00a0<\/span><\/p>\n<p>Te\u010f bych se na to pod\u00edvala trochu z jin\u00e9 perspektivy. Sly\u0161ela jsem od jedn\u00e9 \u017eeny, \u017ee experimentov\u00e1n\u00ed s r\u016fzn\u00fdmi substancemi n\u00e1s dovede na \u00farove\u0148 frekvence dan\u00e9 l\u00e1tky, na kterou bychom se norm\u00e1ln\u011b nedostali. Tyto frekvence pro n\u00e1s mohou b\u00fdt u\u010ditely. Pozor! Ale jen do t\u00e9 doby ne\u017e n\u00e1s za\u010dnou ovl\u00e1dat. Pak je to celkem probl\u00e9m.<\/p>\n<p>Na t\u011bchto odli\u0161n\u00fdch frekvenc\u00edch se m\u00e9 t\u011blo a mysl dostalo bl\u00ed\u017e k m\u00e9 podstat\u011b byt\u00ed. Otev\u0159elo a znovuobjevilo mou p\u0159irozenou divokost a hravost, kterou jsem z n\u011bjak\u00e9ho d\u016fvodu uvnit\u0159 u\u0161lapovala des\u00edtky let. M\u00e9 verb\u00e1ln\u00ed i neverb\u00e1ln\u00ed projevy nabyly na autenticit\u011b a uvoln\u011bnosti. M\u00e9 t\u011blo se najednou um\u011blo vlnit a pono\u0159it do pohyb\u016f, kter\u00e9 jsem si p\u0159edt\u00edm nedok\u00e1zala p\u0159edstavit a dovolit.<span class=\"Apple-converted-space\">\u00a0<\/span><\/p>\n<p>After getting rid of all the addictions, thank God, all that was left was the memory and experience of the frequency, which led me to the truthfulness of the manifestation. It taught me, for example, how to enjoy ecstatic dancing while sober and to be guided by my inner dancer, as @Peter from @orlickyeecstatic says. I now see dancing as one of the most blissful activities of life ever.<\/p>","protected":false},"featured_media":1016,"comment_status":"open","ping_status":"closed","template":"","meta":[],"product_cat":[30],"product_tag":[],"class_list":{"0":"post-588","1":"product","2":"type-product","3":"status-publish","4":"has-post-thumbnail","6":"product_cat-e-shop","8":"first","9":"instock","10":"shipping-taxable","11":"purchasable","12":"product-type-simple"},"_links":{"self":[{"href":"https:\/\/terezajanikova.cz\/cz\/wp-json\/wp\/v2\/product\/588","targetHints":{"allow":["GET"]}}],"collection":[{"href":"https:\/\/terezajanikova.cz\/cz\/wp-json\/wp\/v2\/product"}],"about":[{"href":"https:\/\/terezajanikova.cz\/cz\/wp-json\/wp\/v2\/types\/product"}],"replies":[{"embeddable":true,"href":"https:\/\/terezajanikova.cz\/cz\/wp-json\/wp\/v2\/comments?post=588"}],"wp:featuredmedia":[{"embeddable":true,"href":"https:\/\/terezajanikova.cz\/cz\/wp-json\/wp\/v2\/media\/1016"}],"wp:attachment":[{"href":"https:\/\/terezajanikova.cz\/cz\/wp-json\/wp\/v2\/media?parent=588"}],"wp:term":[{"taxonomy":"product_cat","embeddable":true,"href":"https:\/\/terezajanikova.cz\/cz\/wp-json\/wp\/v2\/product_cat?post=588"},{"taxonomy":"product_tag","embeddable":true,"href":"https:\/\/terezajanikova.cz\/cz\/wp-json\/wp\/v2\/product_tag?post=588"}],"curies":[{"name":"wp","href":"https:\/\/api.w.org\/{rel}","templated":true}]}}