{"id":599,"date":"2023-10-19T10:33:02","date_gmt":"2023-10-19T10:33:02","guid":{"rendered":"http:\/\/terezagondkova.wbfdev.cz\/?post_type=product&#038;p=599"},"modified":"2026-01-29T09:26:03","modified_gmt":"2026-01-29T09:26:03","slug":"disturbing","status":"publish","type":"product","link":"https:\/\/terezajanikova.cz\/cz\/produkt\/disturbing\/","title":{"rendered":"Disturbing 140&#215;110"},"content":{"rendered":"<p>Acrylis and dry pastels on raw canvas<\/p>\n<p>170 cm x 120 cm<\/p>\n<p>Jednou na tantra v\u00edkendu jsme se u\u010dili jak st\u0159e\u017eit svou s\u00edlu a energii a nenech\u00e1vat se vys\u00e1vat toxick\u00fdmi up\u00edry. Asi nemus\u00edm vysv\u011btlovat kdo to je, \u0159ekla bych, \u017ee ka\u017ed\u00fd n\u011bjak\u00e9ho zn\u00e1te co? V cel\u00e9m konceptu u\u010den\u00ed jsem objevila jednu kl\u00ed\u010dovou, pro n\u011bkoho \u0161\u00edlenou, my\u0161lenku. Ne\u017e v\u00e1m ji ale \u0159eknu, tak se v\u00e1m s n\u011b\u010d\u00edm sv\u011b\u0159\u00edm.<span class=\"Apple-converted-space\">\u00a0<\/span><\/p>\n<p>Do t\u00e9 doby to pro m\u011b v\u017edycky byl obrovsk\u00fd probl\u00e9m. Sv\u00e1d\u011bla jsem svou nepohodu na to, \u017ee ONI jsou \u0161patn\u00ed, toxi\u010dt\u00ed. Moje ego se vesele rozd\u011blovala od T\u011aCH \u0161patn\u00fdch, jako\u017ee je lep\u0161\u00ed a p\u0159i\u017eivovalo se na sv\u00e9 hodnot\u011b a s\u00edle. V hlav\u011b mi v\u017edy zn\u011blo \u201eNech\u00e1pu jak mohou \u0159\u00edkat ono a tamto, to je tak neuv\u011bdom\u011bl\u00e9, alibistick\u00e9, zoufal\u00e9 dopl\u0148te si sami\u2026\u201c Nejv\u00edc se v\u0161ak m\u00e9 ego p\u0159i\u017eivovalo na my\u0161lenk\u00e1ch: \u201e Jak si to k n\u011bkomu tak spravedliv\u00e9mu, sv\u011bdomit\u00e9mu, pracovit\u00e9mu jako jsem j\u00e1, je\u0161t\u011b s mal\u00fdm d\u00edt\u011btem mohou dovolit? V\u017edy\u0165 p\u0159ece d\u011bl\u00e1m tohle v\u0161echno a oni p\u0159esto takhle ?!\u201c ( m\u00e1m o sob\u011b dost vysok\u00e9 m\u00edn\u011bn\u00ed co ? \ud83e\udd23)<\/p>\n<p>Akor\u00e1t z tohoto p\u0159\u00edstupu budu trp\u011bt jen j\u00e1 a nikdo jin\u00fd. A tak jsem s t\u00edm opravdu cht\u011bla n\u011bco ud\u011blat. Proto\u017ee sm\u011b\u0159uji k radostn\u00e9mu, klidn\u00e9mu, l\u00e1skypln\u00e9mu \u017eivotu. A tohle st\u011b\u017eov\u00e1n\u00ed si na ostatn\u00ed tam pro m\u011b rozhodn\u011b nepat\u0159\u00ed.<\/p>\n<p>Proto jsem za\u010dala studovat tantru. Kter\u00e9 m\u011b u\u010d\u00ed nejen milovat samu sebe se v\u0161\u00edm v\u0161udy, ale tak\u00e9 ostatn\u00ed.<span class=\"Apple-converted-space\">\u00a0<\/span><\/p>\n<p>Tou, pro m\u011b kl\u00ed\u010dovou, my\u0161lenkou bylo vysv\u011btlen\u00ed, \u017ee pokud se ocitneme v takov\u00e9 situaci, kde jsme ter\u010dem toxick\u00e9ho negativn\u00edho odst\u0159elov\u00e1n\u00ed, nemus\u00edme na obranu br\u00e1t ze sv\u00fdch energetick\u00fdch z\u00e1sob, n\u00fdbr\u017e m\u016f\u017eeme nechat proudit energii vesm\u00edrnou bo\u017eskou skrze n\u00e1s, kter\u00e9 je nekone\u010dno (naopak od t\u00e9 osobn\u00ed) a zahlt\u00edme tak protistranu v l\u00e1sce a soucitu z \u201evn\u011bj\u0161\u00edch\u201c zdroj\u016f. M\u00e9 du\u0161i se ulevilo, ego zesl\u00e1blo. A v\u0161echny tyto situace zdaj\u00ed se b\u00fdti o mnoho jednodu\u0161\u0161\u00ed. <span class=\"Apple-converted-space\">\u00a0<\/span><\/p>\n<p>&nbsp;<\/p>\n<p><b>There is no more reliable proof of greatness than to be in the state where nothing can happen to make you disturb<\/b><\/p>","protected":false},"excerpt":{"rendered":"<p>Acrylis and dry pastels on raw canvas 170 cm x 120 cm Once at a tantra weekend we were taught how to guard our power and energy and how could we not be drained by toxic vampires. I probably don&#8217;t need to explain who they are, I&#8217;d say everyone knows one, right? In the whole [&hellip;]<\/p>","protected":false},"featured_media":1090,"comment_status":"open","ping_status":"closed","template":"","meta":[],"product_cat":[30],"product_tag":[],"class_list":{"0":"post-599","1":"product","2":"type-product","3":"status-publish","4":"has-post-thumbnail","6":"product_cat-e-shop","8":"first","9":"instock","10":"shipping-taxable","11":"purchasable","12":"product-type-simple"},"_links":{"self":[{"href":"https:\/\/terezajanikova.cz\/cz\/wp-json\/wp\/v2\/product\/599","targetHints":{"allow":["GET"]}}],"collection":[{"href":"https:\/\/terezajanikova.cz\/cz\/wp-json\/wp\/v2\/product"}],"about":[{"href":"https:\/\/terezajanikova.cz\/cz\/wp-json\/wp\/v2\/types\/product"}],"replies":[{"embeddable":true,"href":"https:\/\/terezajanikova.cz\/cz\/wp-json\/wp\/v2\/comments?post=599"}],"wp:featuredmedia":[{"embeddable":true,"href":"https:\/\/terezajanikova.cz\/cz\/wp-json\/wp\/v2\/media\/1090"}],"wp:attachment":[{"href":"https:\/\/terezajanikova.cz\/cz\/wp-json\/wp\/v2\/media?parent=599"}],"wp:term":[{"taxonomy":"product_cat","embeddable":true,"href":"https:\/\/terezajanikova.cz\/cz\/wp-json\/wp\/v2\/product_cat?post=599"},{"taxonomy":"product_tag","embeddable":true,"href":"https:\/\/terezajanikova.cz\/cz\/wp-json\/wp\/v2\/product_tag?post=599"}],"curies":[{"name":"wp","href":"https:\/\/api.w.org\/{rel}","templated":true}]}}