{"id":796,"date":"2024-01-11T22:40:48","date_gmt":"2024-01-11T22:40:48","guid":{"rendered":"https:\/\/terezajanikova.cz\/?post_type=product&#038;p=796"},"modified":"2026-01-29T09:13:28","modified_gmt":"2026-01-29T09:13:28","slug":"wild-wise","status":"publish","type":"product","link":"https:\/\/terezajanikova.cz\/cz\/produkt\/wild-wise\/","title":{"rendered":"Time wasted 80&#215;140"},"content":{"rendered":"<p><b>Time you enjoy wasting was not wasted<\/b><\/p>\n<p><b>Bertrand Russel<\/b><\/p>\n<p>80&#215;140<\/p>\n<p>Acrylics, oil pastels, putty<\/p>\n<p>P\u0159em\u00fd\u0161l\u00edm nad t\u00edm jak moc jsme v dne\u0161n\u00ed spole\u010dnosti posti\u017eeni hyperefektivitou a workoholismem. Ne\u0159\u00edk\u00e1m, \u017ee to je pouze \u0161patn\u011b, ale n\u011bkdy to m\u016f\u017ee m\u00edt nemal\u00e9 d\u016fsledky.<\/p>\n<p>Sama jsem kdysi pracovala 12 i 14 hodin denn\u011b a urputn\u011b si pl\u00e1novala ka\u017edou p\u016fl hodinu pracovn\u00edmi povinnostmi. Chvilkov\u011b se to ur\u010dit\u011b i d\u00e1 zvl\u00e1dat. Doba je rychl\u00e1 a zd\u00e1 se b\u00fdt ne\u00faprosn\u00e1.<\/p>\n<p>N\u011bkdy m\u00e1m pocit, \u017ee je toho tolik, \u017ee nem\u00e1m prostor pro chybu.<\/p>\n<p>N\u011bkolik let takov\u00e9ho re\u017eimu ve mn\u011b vytvo\u0159ilo pocit, \u017ee kdy\u017e jsem cel\u00fd den jen se sv\u00fdm 10ti m\u011bs\u00ed\u010dn\u00edm synem, c\u00edt\u00edm se provinile a blb\u011b, \u017ee jsem nepracovala. Jak creepy je tohle?<\/p>\n<p>Dnes v ateli\u00e9ru se mi n\u011bkter\u00e9 v\u011bci nepovedly, zrovna p\u0159i malb\u011b tohoto obrazu. M\u011bla jsem pocit, \u017ee jsem tam byla zbyte\u010dn\u011b. \u017de slo\u017eit\u011b vyhandlovan\u00fd \u010das s hl\u00edd\u00e1n\u00edm mal\u00e9ho p\u0159i\u0161el nazmar. Ale racion\u00e1ln\u011b si uv\u011bdomuji, \u017ee pr\u00e1v\u011b d\u00edky chybov\u00e1n\u00ed a chuti experimentovat, se nejv\u00edce posouv\u00e1m. Zejm\u00e9na pr\u00e1v\u011b v malov\u00e1n\u00ed, kter\u00e9 m\u011b to tvrd\u011b u\u010d\u00ed. Proto\u017ee bez chybov\u00e1n\u00ed a experiment\u016f se nikam m\u016fj sm\u011br a vlastn\u00ed styl neposune.<\/p>\n<p>A co teprve kdy\u017e si dovol\u00edm jen tak spo\u010dinout v nicned\u011bl\u00e1n\u00ed v ateli\u00e9ru nebo v p\u0159\u00edrod\u011b, sama se sebou? To pr\u00e1v\u011b tehdy p\u0159ich\u00e1z\u00ed ta prav\u00e1 inspirace na dal\u0161\u00ed chyby a experimenty\u2026<\/p>\n<p>&nbsp;<\/p>","protected":false},"excerpt":{"rendered":"<p>Time you enjoy wasting was not wasted Bertrand Russel 80&#215;140 Acrylics, oil pastels, putty I think about how much we are affected by hypereffectiveness and workaholism in today&#8217;s society. I&#8217;m not saying it&#8217;s only bad, but sometimes it can have significant consequences. I myself used to work both 12 and 14 hour days, determinedly scheduling [&hellip;]<\/p>","protected":false},"featured_media":1015,"comment_status":"open","ping_status":"closed","template":"","meta":[],"product_cat":[30],"product_tag":[],"class_list":{"0":"post-796","1":"product","2":"type-product","3":"status-publish","4":"has-post-thumbnail","6":"product_cat-e-shop","8":"first","9":"instock","10":"shipping-taxable","11":"purchasable","12":"product-type-simple"},"_links":{"self":[{"href":"https:\/\/terezajanikova.cz\/cz\/wp-json\/wp\/v2\/product\/796","targetHints":{"allow":["GET"]}}],"collection":[{"href":"https:\/\/terezajanikova.cz\/cz\/wp-json\/wp\/v2\/product"}],"about":[{"href":"https:\/\/terezajanikova.cz\/cz\/wp-json\/wp\/v2\/types\/product"}],"replies":[{"embeddable":true,"href":"https:\/\/terezajanikova.cz\/cz\/wp-json\/wp\/v2\/comments?post=796"}],"wp:featuredmedia":[{"embeddable":true,"href":"https:\/\/terezajanikova.cz\/cz\/wp-json\/wp\/v2\/media\/1015"}],"wp:attachment":[{"href":"https:\/\/terezajanikova.cz\/cz\/wp-json\/wp\/v2\/media?parent=796"}],"wp:term":[{"taxonomy":"product_cat","embeddable":true,"href":"https:\/\/terezajanikova.cz\/cz\/wp-json\/wp\/v2\/product_cat?post=796"},{"taxonomy":"product_tag","embeddable":true,"href":"https:\/\/terezajanikova.cz\/cz\/wp-json\/wp\/v2\/product_tag?post=796"}],"curies":[{"name":"wp","href":"https:\/\/api.w.org\/{rel}","templated":true}]}}